{"id":471,"date":"2023-01-05T11:31:20","date_gmt":"2023-01-05T11:31:20","guid":{"rendered":"https:\/\/selectiveinvest.com\/request-quote\/"},"modified":"2023-01-12T14:06:18","modified_gmt":"2023-01-12T14:06:18","slug":"request-quote","status":"publish","type":"page","link":"https:\/\/selectiveinvest.com\/en\/request-quote\/","title":{"rendered":"Request Quote"},"content":{"rendered":"<section class=\"l-section wpb_row us_custom_96fba229 cus-services-banner height_medium\"><div class=\"l-section-h i-cf\"><div class=\"g-cols vc_row via_flex valign_middle type_default stacking_default\"><div class=\"vc_col-sm-12 wpb_column vc_column_container\"><div class=\"vc_column-inner\"><div class=\"wpb_wrapper\"><div class=\"g-cols wpb_row via_flex valign_middle type_default stacking_default\"><div class=\"vc_col-sm-12 wpb_column vc_column_container\"><div class=\"vc_column-inner\"><div class=\"wpb_wrapper\">[vc_custom_heading text=&#8221;Demande de devis&#8221; font_container=&#8221;tag:h1|font_size:42px|text_align:left|color:%23ffffff|line_height:52px&#8221; use_theme_fonts=&#8221;yes&#8221; css=&#8221;%7B%22default%22%3A%7B%22font-weight%22%3A%22700%22%7D%7D&#8221;]<\/div><\/div><\/div><\/div><\/div><\/div><\/div><\/div><\/div><\/section><section class=\"l-section wpb_row us_custom_e3953731 height_medium\"><div class=\"l-section-h i-cf\"><div class=\"g-cols vc_row via_flex valign_top type_default stacking_default\"><div class=\"vc_col-sm-6 wpb_column vc_column_container\"><div class=\"vc_column-inner\"><div class=\"wpb_wrapper\"><div class=\"w-image us_custom_9cf479d2 align_none\"><div class=\"w-image-h\"><img decoding=\"async\" width=\"2560\" height=\"1920\" src=\"https:\/\/selectiveinvest.com\/wp-content\/uploads\/2023\/01\/Visite-dusines.jpg\" class=\"attachment-full size-full\" alt=\"thorough diagnosis\" loading=\"lazy\" srcset=\"https:\/\/selectiveinvest.com\/wp-content\/uploads\/2023\/01\/Visite-dusines.jpg 2560w, https:\/\/selectiveinvest.com\/wp-content\/uploads\/2023\/01\/Visite-dusines-300x225.jpg 300w, https:\/\/selectiveinvest.com\/wp-content\/uploads\/2023\/01\/Visite-dusines-1024x768.jpg 1024w\" sizes=\"auto, (max-width: 2560px) 100vw, 2560px\" \/><\/div><\/div><\/div><\/div><\/div><div class=\"vc_col-sm-6 wpb_column vc_column_container\"><div class=\"vc_column-inner\"><div class=\"wpb_wrapper\">[vc_custom_heading text=&#8221;Pourquoi s&#8217;inscrire ?&#8221; font_container=&#8221;tag:h2|font_size:20px|text_align:center|color:%230a0a0a|line_height:30px&#8221; use_theme_fonts=&#8221;yes&#8221; css=&#8221;%7B%22default%22%3A%7B%22font-weight%22%3A%22700%22%2C%22text-transform%22%3A%22capitalize%22%2C%22margin-bottom%22%3A%2230px%22%7D%7D&#8221; el_class=&#8221;cus-border-center&#8221;]<div class=\"wpb_text_column us_custom_83675837 has_text_color\"><div class=\"wpb_wrapper\"><p>L&#8217;inscription est gratuite et sans engagement.<br \/>\nConfirmation de votre inscription par e-mail avec vos identifiants pour l&#8217;acc\u00e8s \u00e0 votre compte.<br \/>\nAcc\u00e8s \u00e0 des fonctions additionnelles telles que : l&#8217;obtention de devis personnalis\u00e9s, le suivi de l&#8217;avancement de vos projets, la modification de votre profil et options, etc.<\/p>\n<\/div><\/div><\/div><\/div><\/div><\/div><\/div><\/section><section class=\"l-section wpb_row us_custom_815c1c57 height_medium\"><div class=\"l-section-h i-cf\"><div class=\"g-cols vc_row via_flex valign_top type_default stacking_default\"><div class=\"vc_col-sm-12 wpb_column vc_column_container\"><div class=\"vc_column-inner\"><div class=\"wpb_wrapper\">[vc_custom_heading text=&#8221;Protection de vos donn\u00e9es&#8221; font_container=&#8221;tag:h2|font_size:32px|text_align:center|color:%230a0a0a|line_height:42px&#8221; use_theme_fonts=&#8221;yes&#8221; css=&#8221;%7B%22default%22%3A%7B%22font-weight%22%3A%22700%22%2C%22text-transform%22%3A%22capitalize%22%2C%22margin-bottom%22%3A%2230px%22%7D%7D&#8221; el_class=&#8221;cus-border-center&#8221;]<div class=\"g-cols wpb_row cus-center-content via_flex valign_middle type_default stacking_default\"><div class=\"vc_col-sm-8 wpb_column vc_column_container\"><div class=\"vc_column-inner\"><div class=\"wpb_wrapper\"><div class=\"wpb_text_column us_custom_1c5e9371 has_text_color\"><div class=\"wpb_wrapper\"><p style=\"text-align: center;\">Nous observons strictement les lois suisses sur la protection des donn\u00e9es.<\/p>\n<\/div><\/div><div class=\"w-btn-wrapper align_center\"><a class=\"w-btn us-btn-style_2 icon_atright\" href=\"http:\/\/quickbusinessplan.ch\/en\/privacy-and-data-protection\"><span class=\"w-btn-label\">Vie priv\u00e9e et Protecion des donn\u00e9es&#8230;<\/span><i class=\"fas fa-fas fa-chevron-right\"><\/i><\/a><\/div><\/div><\/div><\/div><\/div><\/div><\/div><\/div><\/div><\/div><\/section>\n","protected":false},"excerpt":{"rendered":"[vc_custom_heading text=\"Demande de devis\" font_container=\"tag:h1|font_size:42px|text_align:left|color:%23ffffff|line_height:52px\" use_theme_fonts=\"yes\" css=\"%7B%22default%22%3A%7B%22font-weight%22%3A%22700%22%7D%7D\"][vc_custom_heading text=\"Pourquoi s'inscrire ?\" font_container=\"tag:h2|font_size:20px|text_align:center|color:%230a0a0a|line_height:30px\" use_theme_fonts=\"yes\" css=\"%7B%22default%22%3A%7B%22font-weight%22%3A%22700%22%2C%22text-transform%22%3A%22capitalize%22%2C%22margin-bottom%22%3A%2230px%22%7D%7D\" el_class=\"cus-border-center\"]L&#8217;inscription est gratuite et sans engagement. Confirmation de votre inscription par e-mail avec vos identifiants pour l&#8217;acc\u00e8s \u00e0 votre compte. Acc\u00e8s \u00e0 des fonctions additionnelles telles que : l&#8217;obtention de devis personnalis\u00e9s, le suivi de l&#8217;avancement de vos projets, la modification de...","protected":false},"author":1,"featured_media":0,"parent":0,"menu_order":0,"comment_status":"closed","ping_status":"closed","template":"","meta":{"footnotes":""},"class_list":["post-471","page","type-page","status-publish","hentry"],"yoast_head":"<!-- This site is optimized with the Yoast SEO Premium plugin v26.5 (Yoast SEO v26.6) - https:\/\/yoast.com\/wordpress\/plugins\/seo\/ -->\n<title>Request Quote - Selective Invest<\/title>\n<meta name=\"robots\" content=\"index, follow, max-snippet:-1, max-image-preview:large, max-video-preview:-1\" \/>\n<link rel=\"canonical\" href=\"https:\/\/selectiveinvest.com\/request-quote\/\" \/>\n<meta property=\"og:locale\" content=\"en_US\" \/>\n<meta property=\"og:type\" content=\"article\" \/>\n<meta property=\"og:title\" content=\"Request Quote\" \/>\n<meta property=\"og:url\" content=\"https:\/\/selectiveinvest.com\/request-quote\/\" \/>\n<meta property=\"og:site_name\" content=\"Selective Invest\" \/>\n<meta property=\"article:modified_time\" content=\"2023-01-12T14:06:18+00:00\" \/>\n<meta name=\"twitter:card\" content=\"summary_large_image\" \/>\n<meta name=\"twitter:label1\" content=\"Est. reading time\" \/>\n\t<meta name=\"twitter:data1\" content=\"2 minutes\" \/>\n<script type=\"application\/ld+json\" class=\"yoast-schema-graph\">{\"@context\":\"https:\/\/schema.org\",\"@graph\":[{\"@type\":\"WebPage\",\"@id\":\"https:\/\/selectiveinvest.com\/request-quote\/\",\"url\":\"https:\/\/selectiveinvest.com\/request-quote\/\",\"name\":\"Request Quote - Selective Invest\",\"isPartOf\":{\"@id\":\"https:\/\/selectiveinvest.com\/#website\"},\"datePublished\":\"2023-01-05T11:31:20+00:00\",\"dateModified\":\"2023-01-12T14:06:18+00:00\",\"breadcrumb\":{\"@id\":\"https:\/\/selectiveinvest.com\/request-quote\/#breadcrumb\"},\"inLanguage\":\"en-US\",\"potentialAction\":[{\"@type\":\"ReadAction\",\"target\":[\"https:\/\/selectiveinvest.com\/request-quote\/\"]}]},{\"@type\":\"BreadcrumbList\",\"@id\":\"https:\/\/selectiveinvest.com\/request-quote\/#breadcrumb\",\"itemListElement\":[{\"@type\":\"ListItem\",\"position\":1,\"name\":\"Accueil\",\"item\":\"https:\/\/selectiveinvest.com\/en\/\"},{\"@type\":\"ListItem\",\"position\":2,\"name\":\"Request Quote\"}]},{\"@type\":\"WebSite\",\"@id\":\"https:\/\/selectiveinvest.com\/#website\",\"url\":\"https:\/\/selectiveinvest.com\/\",\"name\":\"Selective Invest\",\"description\":\"\",\"potentialAction\":[{\"@type\":\"SearchAction\",\"target\":{\"@type\":\"EntryPoint\",\"urlTemplate\":\"https:\/\/selectiveinvest.com\/?s={search_term_string}\"},\"query-input\":{\"@type\":\"PropertyValueSpecification\",\"valueRequired\":true,\"valueName\":\"search_term_string\"}}],\"inLanguage\":\"en-US\"}]}<\/script>\n<!-- \/ Yoast SEO Premium plugin. -->","yoast_head_json":{"title":"Request Quote - Selective Invest","robots":{"index":"index","follow":"follow","max-snippet":"max-snippet:-1","max-image-preview":"max-image-preview:large","max-video-preview":"max-video-preview:-1"},"canonical":"https:\/\/selectiveinvest.com\/request-quote\/","og_locale":"en_US","og_type":"article","og_title":"Request Quote","og_url":"https:\/\/selectiveinvest.com\/request-quote\/","og_site_name":"Selective Invest","article_modified_time":"2023-01-12T14:06:18+00:00","twitter_card":"summary_large_image","twitter_misc":{"Est. reading time":"2 minutes"},"schema":{"@context":"https:\/\/schema.org","@graph":[{"@type":"WebPage","@id":"https:\/\/selectiveinvest.com\/request-quote\/","url":"https:\/\/selectiveinvest.com\/request-quote\/","name":"Request Quote - Selective Invest","isPartOf":{"@id":"https:\/\/selectiveinvest.com\/#website"},"datePublished":"2023-01-05T11:31:20+00:00","dateModified":"2023-01-12T14:06:18+00:00","breadcrumb":{"@id":"https:\/\/selectiveinvest.com\/request-quote\/#breadcrumb"},"inLanguage":"en-US","potentialAction":[{"@type":"ReadAction","target":["https:\/\/selectiveinvest.com\/request-quote\/"]}]},{"@type":"BreadcrumbList","@id":"https:\/\/selectiveinvest.com\/request-quote\/#breadcrumb","itemListElement":[{"@type":"ListItem","position":1,"name":"Accueil","item":"https:\/\/selectiveinvest.com\/en\/"},{"@type":"ListItem","position":2,"name":"Request Quote"}]},{"@type":"WebSite","@id":"https:\/\/selectiveinvest.com\/#website","url":"https:\/\/selectiveinvest.com\/","name":"Selective Invest","description":"","potentialAction":[{"@type":"SearchAction","target":{"@type":"EntryPoint","urlTemplate":"https:\/\/selectiveinvest.com\/?s={search_term_string}"},"query-input":{"@type":"PropertyValueSpecification","valueRequired":true,"valueName":"search_term_string"}}],"inLanguage":"en-US"}]}},"_links":{"self":[{"href":"https:\/\/selectiveinvest.com\/en\/wp-json\/wp\/v2\/pages\/471","targetHints":{"allow":["GET"]}}],"collection":[{"href":"https:\/\/selectiveinvest.com\/en\/wp-json\/wp\/v2\/pages"}],"about":[{"href":"https:\/\/selectiveinvest.com\/en\/wp-json\/wp\/v2\/types\/page"}],"author":[{"embeddable":true,"href":"https:\/\/selectiveinvest.com\/en\/wp-json\/wp\/v2\/users\/1"}],"replies":[{"embeddable":true,"href":"https:\/\/selectiveinvest.com\/en\/wp-json\/wp\/v2\/comments?post=471"}],"version-history":[{"count":15,"href":"https:\/\/selectiveinvest.com\/en\/wp-json\/wp\/v2\/pages\/471\/revisions"}],"predecessor-version":[{"id":845,"href":"https:\/\/selectiveinvest.com\/en\/wp-json\/wp\/v2\/pages\/471\/revisions\/845"}],"wp:attachment":[{"href":"https:\/\/selectiveinvest.com\/en\/wp-json\/wp\/v2\/media?parent=471"}],"curies":[{"name":"wp","href":"https:\/\/api.w.org\/{rel}","templated":true}]}}