{"id":466,"date":"2023-01-05T11:40:54","date_gmt":"2023-01-05T11:40:54","guid":{"rendered":"https:\/\/selectiveinvest.com\/privacy-and-data-protection\/"},"modified":"2023-01-12T14:06:31","modified_gmt":"2023-01-12T14:06:31","slug":"privacy-and-data-protection","status":"publish","type":"page","link":"https:\/\/selectiveinvest.com\/en\/privacy-and-data-protection\/","title":{"rendered":"Privacy and Data Protection"},"content":{"rendered":"<section class=\"l-section wpb_row us_custom_96fba229 cus-services-banner height_medium\"><div class=\"l-section-h i-cf\"><div class=\"g-cols vc_row via_flex valign_middle type_default stacking_default\"><div class=\"vc_col-sm-12 wpb_column vc_column_container\"><div class=\"vc_column-inner\"><div class=\"wpb_wrapper\"><div class=\"g-cols wpb_row via_flex valign_middle type_default stacking_default\"><div class=\"vc_col-sm-12 wpb_column vc_column_container\"><div class=\"vc_column-inner\"><div class=\"wpb_wrapper\">[vc_custom_heading text=&#8221;Data protection&#8221; font_container=&#8221;tag:h1|font_size:42px|text_align:left|color:%23ffffff|line_height:52px&#8221; use_theme_fonts=&#8221;yes&#8221; css=&#8221;%7B%22default%22%3A%7B%22font-weight%22%3A%22700%22%7D%7D&#8221;]<\/div><\/div><\/div><\/div><\/div><\/div><\/div><\/div><\/div><\/section><section class=\"l-section wpb_row us_custom_19737bc8 height_medium\"><div class=\"l-section-h i-cf\"><div class=\"g-cols vc_row via_flex valign_top type_default stacking_default\"><div class=\"vc_col-sm-12 wpb_column vc_column_container\"><div class=\"vc_column-inner\"><div class=\"wpb_wrapper\">[vc_custom_heading text=&#8221;Politique de confidentialit\u00e9&#8221; font_container=&#8221;tag:h5|font_size:20px|text_align:left|color:%230a0a0a|line_height:30px&#8221; use_theme_fonts=&#8221;yes&#8221;]<div class=\"wpb_text_column us_custom_8fc63285 has_text_color\"><div class=\"wpb_wrapper\"><p>quickbusiness.ch a \u00e9t\u00e9 mis en place, et est exploit\u00e9 par la soci\u00e9t\u00e9 Daremtec S\u00e0rl domicili\u00e9e \u00e0 Avenue Louis-Casa\u00ef 81, 1216 Cointrin.<\/p>\n<\/div><\/div>[vc_custom_heading text=&#8221;Responsabilit\u00e9&#8221; font_container=&#8221;tag:h5|font_size:20px|text_align:left|color:%230a0a0a|line_height:30px&#8221; use_theme_fonts=&#8221;yes&#8221;]<div class=\"wpb_text_column us_custom_8fc63285 has_text_color\"><div class=\"wpb_wrapper\"><p>Malgr\u00e9 la grande attention qu&#8217;elle porte \u00e0 la justesse des informations diffus\u00e9es sur ce site, Daremtec S\u00e0rl ne peut endosser aucune responsabilit\u00e9 quant \u00e0 la fid\u00e9lit\u00e9, \u00e0 l\u00b4exactitude, \u00e0 l\u00b4actualit\u00e9, \u00e0 la fiabilit\u00e9 et \u00e0 l\u00b4int\u00e9gralit\u00e9 de ces informations. Daremtec S\u00e0rl se r\u00e9serve express\u00e9ment le droit de modifier en partie ou en totalit\u00e9 le contenu de ce site, de le supprimer ou d\u00b4en suspendre temporairement la diffusion, et ce \u00e0 tout moment et sans avertissement pr\u00e9alable. Daremtec S\u00e0rl ne saurait \u00eatre tenu pour responsable des dommages mat\u00e9riels ou immat\u00e9riels qui pourraient \u00eatre caus\u00e9s par l\u00b4acc\u00e8s aux informations diffus\u00e9es ou par leur utilisation ou non-utilisation, par le mauvais usage de la connexion ou par des probl\u00e8mes techniques.<\/p>\n<\/div><\/div>[vc_custom_heading text=&#8221;Protection des donn\u00e9es&#8221; font_container=&#8221;tag:h5|font_size:20px|text_align:left|color:%230a0a0a|line_height:30px&#8221; use_theme_fonts=&#8221;yes&#8221;]<div class=\"wpb_text_column us_custom_8fc63285 has_text_color\"><div class=\"wpb_wrapper\"><p>L\u00b4art. 13 de la Constitution f\u00e9d\u00e9rale de la Conf\u00e9d\u00e9ration suisse et les lois sur la protection des donn\u00e9es disposent que toute personne a droit \u00e0 la protection de sa sph\u00e8re priv\u00e9e ainsi qu\u00b4\u00e0 la protection contre l\u00b4emploi abusif des donn\u00e9es qui la concernent. Daremtec S\u00e0rl observe strictement ces dispositions. Les donn\u00e9es personnelles sont trait\u00e9es de fa\u00e7on parfaitement confidentielle et ne sont ni vendues, ni transmises \u00e0 des tiers. Nous nous effor\u00e7ons, en collaboration \u00e9troite avec nos h\u00e9bergeurs, de prot\u00e9ger par tous les moyens nos banques de donn\u00e9es des intrusions externes, des pertes, du mauvais usage et de la falsification. Lors de l\u00b4enregistrement de votre adresse \u00e9lectronique, celle-ci est stock\u00e9e dans une banque de donn\u00e9es s\u00e9par\u00e9e, qui ne poss\u00e8de aucun lien avec les fichiers journaux anonymes. Vous avez \u00e0 tout moment la possibilit\u00e9 d\u00b4annuler votre enregistrement.<\/p>\n<\/div><\/div>[vc_custom_heading text=&#8221;Mot de Passe&#8221; font_container=&#8221;tag:h5|font_size:20px|text_align:left|color:%230a0a0a|line_height:30px&#8221; use_theme_fonts=&#8221;yes&#8221;]<div class=\"wpb_text_column us_custom_8fc63285 has_text_color\"><div class=\"wpb_wrapper\"><p>Vous devez choisir un mot de passe lors de votre enregistrement en vue d\u00b4utiliser le pr\u00e9sent site. Ce mot de passe est strictement confidentiel et ne doit pas \u00eatre divulgu\u00e9 \u00e0 des tiers. Vous assumez l\u00b4enti\u00e8re responsabilit\u00e9 de l\u00b4utilisation de votre mot de passe et de toutes les commandes qui sont pass\u00e9es, m\u00eame \u00e0 votre insu, en utilisant ce mot de passe. Si vous savez ou suspectez qu\u00b4un tiers conna\u00eet ou utilise votre mot de passe, vous devez en informer aussit\u00f4t Daremtec S\u00e0rl<\/p>\n<\/div><\/div>[vc_custom_heading text=&#8221;Achat en ligne&#8221; font_container=&#8221;tag:h5|font_size:20px|text_align:left|color:%230a0a0a|line_height:30px&#8221; use_theme_fonts=&#8221;yes&#8221;]<div class=\"wpb_text_column us_custom_8fc63285 has_text_color\"><div class=\"wpb_wrapper\"><p>Option PayPal : Daremtec S\u00e0rl accepte les paiements par carte de cr\u00e9dit via notre compte commercial chez Paypal.<\/p>\n<\/div><\/div>[vc_custom_heading text=&#8221;Renvois et liens&#8221; font_container=&#8221;tag:h5|font_size:20px|text_align:left|color:%230a0a0a|line_height:30px&#8221; use_theme_fonts=&#8221;yes&#8221;]<div class=\"wpb_text_column us_custom_8fc63285 has_text_color\"><div class=\"wpb_wrapper\"><p>Les renvois et liens vers d\u00b4autres sites Internet ne sont pas de la responsabilit\u00e9 de Daremtec S\u00e0rl. L\u00b4acc\u00e8s \u00e0 ces sites et leur utilisation se font aux risques des utilisateurs. Daremtec S\u00e0rl d\u00e9clare express\u00e9ment qu\u00b4elle n\u00b4a aucune influence sur la forme, le contenu et les offres des sites auxquels elle renvoie. Les informations et services offerts par ces sites sont enti\u00e8rement de la responsabilit\u00e9 de leurs auteurs. Daremtec S\u00e0rl rejette toute responsabilit\u00e9 pour de tels sites Internet.<\/p>\n<\/div><\/div>[vc_custom_heading text=&#8221;Droits d\u00b4auteur&#8221; font_container=&#8221;tag:h5|font_size:20px|text_align:left|color:%230a0a0a|line_height:30px&#8221; use_theme_fonts=&#8221;yes&#8221;]<div class=\"wpb_text_column us_custom_8fc63285 has_text_color\"><div class=\"wpb_wrapper\"><p>Droits d\u00b4auteur: Daremtec S\u00e0rl 2010. Les informations que rec\u00e8lent les sites Web de quickbusinessplan.ch sont mises \u00e0 la disposition du public. Le t\u00e9l\u00e9chargement ou la copie de textes, d\u00b4illustrations, de photographies ou d\u00b4autres donn\u00e9es n\u00b4entra\u00eene aucun transfert de droits sur les contenus. Les droits d\u00b4auteur et tous les autres droits li\u00e9s aux textes, illustrations, photographies et autres donn\u00e9es plac\u00e9s sur les sites Web de quickbusinessplan.ch sont la propri\u00e9t\u00e9 exclusive de Daremtec S\u00e0rl ou celle des d\u00e9tenteurs express\u00e9ment cit\u00e9s. Toute reproduction est subordonn\u00e9e \u00e0 l\u00b4autorisation \u00e9crite pr\u00e9alable du d\u00e9tenteur des droits.<\/p>\n<\/div><\/div><\/div><\/div><\/div><\/div><\/div><\/section>\n","protected":false},"excerpt":{"rendered":"[vc_custom_heading text=\"Data protection\" font_container=\"tag:h1|font_size:42px|text_align:left|color:%23ffffff|line_height:52px\" use_theme_fonts=\"yes\" css=\"%7B%22default%22%3A%7B%22font-weight%22%3A%22700%22%7D%7D\"][vc_custom_heading text=\"Politique de confidentialit\u00e9\" font_container=\"tag:h5|font_size:20px|text_align:left|color:%230a0a0a|line_height:30px\" use_theme_fonts=\"yes\"]quickbusiness.ch a \u00e9t\u00e9 mis en place, et est exploit\u00e9 par la soci\u00e9t\u00e9 Daremtec S\u00e0rl domicili\u00e9e \u00e0 Avenue Louis-Casa\u00ef 81, 1216 Cointrin. [vc_custom_heading text=\"Responsabilit\u00e9\" font_container=\"tag:h5|font_size:20px|text_align:left|color:%230a0a0a|line_height:30px\" use_theme_fonts=\"yes\"]Malgr\u00e9 la grande attention qu&#8217;elle porte \u00e0 la justesse des informations diffus\u00e9es sur ce site, Daremtec S\u00e0rl ne peut endosser aucune...","protected":false},"author":1,"featured_media":0,"parent":0,"menu_order":0,"comment_status":"closed","ping_status":"closed","template":"","meta":{"footnotes":""},"class_list":["post-466","page","type-page","status-publish","hentry"],"yoast_head":"<!-- This site is optimized with the Yoast SEO Premium plugin v26.5 (Yoast SEO v26.6) - https:\/\/yoast.com\/wordpress\/plugins\/seo\/ -->\n<title>Privacy and Data Protection - Selective Invest<\/title>\n<meta name=\"robots\" content=\"index, follow, max-snippet:-1, max-image-preview:large, max-video-preview:-1\" \/>\n<link rel=\"canonical\" href=\"https:\/\/selectiveinvest.com\/privacy-and-data-protection\/\" \/>\n<meta property=\"og:locale\" content=\"en_US\" \/>\n<meta property=\"og:type\" content=\"article\" \/>\n<meta property=\"og:title\" content=\"Privacy and Data Protection\" \/>\n<meta property=\"og:url\" content=\"https:\/\/selectiveinvest.com\/privacy-and-data-protection\/\" \/>\n<meta property=\"og:site_name\" content=\"Selective Invest\" \/>\n<meta property=\"article:modified_time\" content=\"2023-01-12T14:06:31+00:00\" \/>\n<meta name=\"twitter:card\" content=\"summary_large_image\" \/>\n<meta name=\"twitter:label1\" content=\"Est. reading time\" \/>\n\t<meta name=\"twitter:data1\" content=\"6 minutes\" \/>\n<script type=\"application\/ld+json\" class=\"yoast-schema-graph\">{\"@context\":\"https:\/\/schema.org\",\"@graph\":[{\"@type\":\"WebPage\",\"@id\":\"https:\/\/selectiveinvest.com\/privacy-and-data-protection\/\",\"url\":\"https:\/\/selectiveinvest.com\/privacy-and-data-protection\/\",\"name\":\"Privacy and Data Protection - Selective Invest\",\"isPartOf\":{\"@id\":\"https:\/\/selectiveinvest.com\/#website\"},\"datePublished\":\"2023-01-05T11:40:54+00:00\",\"dateModified\":\"2023-01-12T14:06:31+00:00\",\"breadcrumb\":{\"@id\":\"https:\/\/selectiveinvest.com\/privacy-and-data-protection\/#breadcrumb\"},\"inLanguage\":\"en-US\",\"potentialAction\":[{\"@type\":\"ReadAction\",\"target\":[\"https:\/\/selectiveinvest.com\/privacy-and-data-protection\/\"]}]},{\"@type\":\"BreadcrumbList\",\"@id\":\"https:\/\/selectiveinvest.com\/privacy-and-data-protection\/#breadcrumb\",\"itemListElement\":[{\"@type\":\"ListItem\",\"position\":1,\"name\":\"Accueil\",\"item\":\"https:\/\/selectiveinvest.com\/en\/\"},{\"@type\":\"ListItem\",\"position\":2,\"name\":\"Privacy and Data Protection\"}]},{\"@type\":\"WebSite\",\"@id\":\"https:\/\/selectiveinvest.com\/#website\",\"url\":\"https:\/\/selectiveinvest.com\/\",\"name\":\"Selective Invest\",\"description\":\"\",\"potentialAction\":[{\"@type\":\"SearchAction\",\"target\":{\"@type\":\"EntryPoint\",\"urlTemplate\":\"https:\/\/selectiveinvest.com\/?s={search_term_string}\"},\"query-input\":{\"@type\":\"PropertyValueSpecification\",\"valueRequired\":true,\"valueName\":\"search_term_string\"}}],\"inLanguage\":\"en-US\"}]}<\/script>\n<!-- \/ Yoast SEO Premium plugin. -->","yoast_head_json":{"title":"Privacy and Data Protection - Selective Invest","robots":{"index":"index","follow":"follow","max-snippet":"max-snippet:-1","max-image-preview":"max-image-preview:large","max-video-preview":"max-video-preview:-1"},"canonical":"https:\/\/selectiveinvest.com\/privacy-and-data-protection\/","og_locale":"en_US","og_type":"article","og_title":"Privacy and Data Protection","og_url":"https:\/\/selectiveinvest.com\/privacy-and-data-protection\/","og_site_name":"Selective Invest","article_modified_time":"2023-01-12T14:06:31+00:00","twitter_card":"summary_large_image","twitter_misc":{"Est. reading time":"6 minutes"},"schema":{"@context":"https:\/\/schema.org","@graph":[{"@type":"WebPage","@id":"https:\/\/selectiveinvest.com\/privacy-and-data-protection\/","url":"https:\/\/selectiveinvest.com\/privacy-and-data-protection\/","name":"Privacy and Data Protection - Selective Invest","isPartOf":{"@id":"https:\/\/selectiveinvest.com\/#website"},"datePublished":"2023-01-05T11:40:54+00:00","dateModified":"2023-01-12T14:06:31+00:00","breadcrumb":{"@id":"https:\/\/selectiveinvest.com\/privacy-and-data-protection\/#breadcrumb"},"inLanguage":"en-US","potentialAction":[{"@type":"ReadAction","target":["https:\/\/selectiveinvest.com\/privacy-and-data-protection\/"]}]},{"@type":"BreadcrumbList","@id":"https:\/\/selectiveinvest.com\/privacy-and-data-protection\/#breadcrumb","itemListElement":[{"@type":"ListItem","position":1,"name":"Accueil","item":"https:\/\/selectiveinvest.com\/en\/"},{"@type":"ListItem","position":2,"name":"Privacy and Data Protection"}]},{"@type":"WebSite","@id":"https:\/\/selectiveinvest.com\/#website","url":"https:\/\/selectiveinvest.com\/","name":"Selective Invest","description":"","potentialAction":[{"@type":"SearchAction","target":{"@type":"EntryPoint","urlTemplate":"https:\/\/selectiveinvest.com\/?s={search_term_string}"},"query-input":{"@type":"PropertyValueSpecification","valueRequired":true,"valueName":"search_term_string"}}],"inLanguage":"en-US"}]}},"_links":{"self":[{"href":"https:\/\/selectiveinvest.com\/en\/wp-json\/wp\/v2\/pages\/466","targetHints":{"allow":["GET"]}}],"collection":[{"href":"https:\/\/selectiveinvest.com\/en\/wp-json\/wp\/v2\/pages"}],"about":[{"href":"https:\/\/selectiveinvest.com\/en\/wp-json\/wp\/v2\/types\/page"}],"author":[{"embeddable":true,"href":"https:\/\/selectiveinvest.com\/en\/wp-json\/wp\/v2\/users\/1"}],"replies":[{"embeddable":true,"href":"https:\/\/selectiveinvest.com\/en\/wp-json\/wp\/v2\/comments?post=466"}],"version-history":[{"count":33,"href":"https:\/\/selectiveinvest.com\/en\/wp-json\/wp\/v2\/pages\/466\/revisions"}],"predecessor-version":[{"id":853,"href":"https:\/\/selectiveinvest.com\/en\/wp-json\/wp\/v2\/pages\/466\/revisions\/853"}],"wp:attachment":[{"href":"https:\/\/selectiveinvest.com\/en\/wp-json\/wp\/v2\/media?parent=466"}],"curies":[{"name":"wp","href":"https:\/\/api.w.org\/{rel}","templated":true}]}}