{"id":440,"date":"2023-01-05T11:03:46","date_gmt":"2023-01-05T11:03:46","guid":{"rendered":"https:\/\/selectiveinvest.com\/feasibility-study\/"},"modified":"2025-12-30T07:36:47","modified_gmt":"2025-12-30T07:36:47","slug":"feasibility-study-2","status":"publish","type":"page","link":"https:\/\/selectiveinvest.com\/en\/feasibility-study-2\/","title":{"rendered":"Feasibility study"},"content":{"rendered":"<section class=\"l-section wpb_row us_custom_96fba229 cus-services-banner height_medium\"><div class=\"l-section-h i-cf\"><div class=\"g-cols vc_row via_flex valign_middle type_default stacking_default\"><div class=\"vc_col-sm-12 wpb_column vc_column_container\"><div class=\"vc_column-inner\"><div class=\"wpb_wrapper\"><div class=\"g-cols wpb_row via_flex valign_middle type_default stacking_default\"><div class=\"vc_col-sm-12 wpb_column vc_column_container\"><div class=\"vc_column-inner\"><div class=\"wpb_wrapper\">[vc_custom_heading text=&#8221;Etude de faisabilit\u00e9&#8221; font_container=&#8221;tag:h1|font_size:42px|text_align:left|color:%23ffffff|line_height:52px&#8221; use_theme_fonts=&#8221;yes&#8221; css=&#8221;%7B%22default%22%3A%7B%22font-weight%22%3A%22700%22%7D%7D&#8221;]<\/div><\/div><\/div><\/div><\/div><\/div><\/div><\/div><\/div><\/section><section class=\"l-section wpb_row us_custom_815c1c57 height_medium\"><div class=\"l-section-h i-cf\"><div class=\"g-cols vc_row via_flex valign_top type_default stacking_default\"><div class=\"vc_col-sm-6 wpb_column vc_column_container\"><div class=\"vc_column-inner\"><div class=\"wpb_wrapper\"><div class=\"w-image us_custom_9cf479d2 align_none\"><div class=\"w-image-h\"><img decoding=\"async\" width=\"2560\" height=\"1920\" src=\"https:\/\/selectiveinvest.com\/wp-content\/uploads\/2023\/01\/Visite-dusines.jpg\" class=\"attachment-full size-full\" alt=\"thorough diagnosis\" loading=\"lazy\" srcset=\"https:\/\/selectiveinvest.com\/wp-content\/uploads\/2023\/01\/Visite-dusines.jpg 2560w, https:\/\/selectiveinvest.com\/wp-content\/uploads\/2023\/01\/Visite-dusines-300x225.jpg 300w, https:\/\/selectiveinvest.com\/wp-content\/uploads\/2023\/01\/Visite-dusines-1024x768.jpg 1024w\" sizes=\"auto, (max-width: 2560px) 100vw, 2560px\" \/><\/div><\/div><\/div><\/div><\/div><div class=\"vc_col-sm-6 wpb_column vc_column_container\"><div class=\"vc_column-inner\"><div class=\"wpb_wrapper\">[vc_custom_heading text=&#8221;Qu\u2019est ce qu\u2019une \u00e9tude de faisabilit\u00e9&#8221; font_container=&#8221;tag:h2|font_size:20px|text_align:center|color:%230a0a0a|line_height:30px&#8221; use_theme_fonts=&#8221;yes&#8221; css=&#8221;%7B%22default%22%3A%7B%22font-weight%22%3A%22700%22%2C%22text-transform%22%3A%22capitalize%22%2C%22margin-bottom%22%3A%2230px%22%7D%7D&#8221; el_class=&#8221;cus-border-center&#8221;]<div class=\"wpb_text_column us_custom_83675837 has_text_color\"><div class=\"wpb_wrapper\"><p>L&#8217;\u00e9tude de faisabilit\u00e9, comme son nom l\u2019indique, est une analyse syst\u00e9matique de la viabilit\u00e9 d\u2019un projet. Elle est requise chaque fois que l\u2019on sollicite l\u2019apport des ressources, avant d\u2019entrer en mati\u00e8re, les investisseurs vont examiner toutes les hypoth\u00e8ses qui ont \u00e9t\u00e9 utilis\u00e9es, puis de quantifier les risques d&#8217;\u00e9chec.<\/p>\n<p>Chez Daremtec, notre \u00e9quipe est compos\u00e9e de consultants ind\u00e9pendants qui \u00e9valuent de mani\u00e8re objective les potentialit\u00e9s de votre projet afin de s&#8217;assurer que votre vision est r\u00e9aliste, finan\u00e7able et \u00e9conomiquement viable. Nos clients sont des startups, des entreprises de taille moyenne et des organisations \u00e0 but non lucratif.<\/p>\n<\/div><\/div><\/div><\/div><\/div><\/div><\/div><\/section><section class=\"l-section wpb_row us_custom_60c12404 height_medium\"><div class=\"l-section-h i-cf\"><div class=\"g-cols vc_row via_flex valign_top type_default stacking_default\"><div class=\"vc_col-sm-6 wpb_column vc_column_container\"><div class=\"vc_column-inner\"><div class=\"wpb_wrapper\">[vc_custom_heading text=&#8221;Pourquoi avez-vous besoin d\u2019une \u00e9tude de faisabilit\u00e9?&#8221; font_container=&#8221;tag:h2|font_size:20px|text_align:center|color:%230a0a0a|line_height:30px&#8221; use_theme_fonts=&#8221;yes&#8221; css=&#8221;%7B%22default%22%3A%7B%22font-weight%22%3A%22700%22%2C%22text-transform%22%3A%22capitalize%22%7D%7D&#8221; el_class=&#8221;cus-border-center&#8221;]<div class=\"wpb_text_column us_custom_1a4fa137 has_text_color\"><div class=\"wpb_wrapper\"><p>Nous avons la volont\u00e9 de vous accompagner si vous vous posez les questions suivantes:<\/p>\n<\/div><\/div><div class=\"wpb_text_column us_custom_f14d37d5 has_text_color\"><div class=\"wpb_wrapper\"><ul class=\"cus-mark-li\">\n<li>Quelle est la valeur marchande de mon entreprise?<\/li>\n<li>Quelle serait cette valeur en cas de vente ou de transformation ?<\/li>\n<li>Comment s&#8217;adapter \u00e0 l&#8217;\u00e9volution du march\u00e9 ?<\/li>\n<li>Comment am\u00e9liorer la rentabilit\u00e9 ?<\/li>\n<li>Comment am\u00e9liorer les ressources financi\u00e8res et la rentabilit\u00e9 ?<\/li>\n<li>Quelles sont les lacunes qui m&#8217;emp\u00eachent de faire cela?<\/li>\n<li>Comment prendre une d\u00e9cision efficace ?<\/li>\n<li>Comment conserver les clients?<\/li>\n<li>Comment conserver mes employ\u00e9s qualifi\u00e9s?<\/li>\n<\/ul>\n<\/div><\/div><\/div><\/div><\/div><div class=\"vc_col-sm-6 wpb_column vc_column_container\"><div class=\"vc_column-inner\"><div class=\"wpb_wrapper\">[vc_custom_heading text=&#8221;Our solutions :&#8221; font_container=&#8221;tag:h2|font_size:20px|text_align:center|color:%230a0a0a|line_height:30px&#8221; use_theme_fonts=&#8221;yes&#8221; css=&#8221;%7B%22default%22%3A%7B%22font-weight%22%3A%22700%22%2C%22text-transform%22%3A%22capitalize%22%7D%7D&#8221; el_class=&#8221;cus-border-center&#8221;]<div class=\"wpb_text_column us_custom_f14d37d5 has_text_color\"><div class=\"wpb_wrapper\"><ul class=\"cus-mark-li\">\n<li>Analyse du march\u00e9 (taille, partie de march\u00e9 projet\u00e9e)<\/li>\n<li>Analyse de la concurrence<\/li>\n<li>Analyse financi\u00e8re (exigences de fonds propres, projections de revenus, etc.)<\/li>\n<li>Test et validation de votre projet et vos alternatives possibles<\/li>\n<li>Plan d&#8217;action<\/li>\n<\/ul>\n<\/div><\/div><\/div><\/div><\/div><\/div><\/div><\/section><section class=\"l-section wpb_row us_custom_815c1c57 height_medium\"><div class=\"l-section-h i-cf\"><div class=\"g-cols vc_row via_flex valign_top type_default stacking_default\"><div class=\"vc_col-sm-12 wpb_column vc_column_container\"><div class=\"vc_column-inner\"><div class=\"wpb_wrapper\">[vc_custom_heading text=&#8221;Nous offrons :&#8221; font_container=&#8221;tag:h2|font_size:32px|text_align:center|color:%230a0a0a|line_height:42px&#8221; use_theme_fonts=&#8221;yes&#8221; css=&#8221;%7B%22default%22%3A%7B%22font-weight%22%3A%22700%22%2C%22text-transform%22%3A%22capitalize%22%2C%22margin-bottom%22%3A%2250px%22%7D%7D&#8221; el_class=&#8221;cus-border-center&#8221;]<div class=\"g-cols wpb_row via_flex valign_top type_default stacking_default\"><div class=\"vc_col-sm-2 wpb_column vc_column_container\"><div class=\"vc_column-inner\"><div class=\"wpb_wrapper\"><\/div><\/div><\/div><div class=\"vc_col-sm-8 wpb_column vc_column_container\"><div class=\"vc_column-inner\"><div class=\"wpb_wrapper\"><div class=\"w-hwrapper valign_top align_justify\" style=\"--hwrapper-gap:0rem\">[vc_custom_heading text=&#8221;ETUDE DE FAISABILIT\u00c9 BASIC&#8221; font_container=&#8221;tag:h5|font_size:20px|text_align:left|color:%23b7284e|line_height:32px&#8221; use_theme_fonts=&#8221;yes&#8221; link=&#8221;url:%23|&#8221; css=&#8221;%7B%22default%22%3A%7B%22font-weight%22%3A%22500%22%7D%7D&#8221;][vc_custom_heading text=&#8221;CHF 2,500.00&#8243; font_container=&#8221;tag:h6|font_size:20px|text_align:right|color:%23000000|line_height:32px&#8221; use_theme_fonts=&#8221;yes&#8221; css=&#8221;%7B%22default%22%3A%7B%22font-weight%22%3A%22500%22%7D%7D&#8221;]<\/div><div class=\"wpb_text_column us_custom_8fc63285 has_text_color\"><div class=\"wpb_wrapper\"><p>Laissez-nous produire une analyse ind\u00e9pendante et objective de la faisabilit\u00e9 de votre ou des alternatives conduiant \u00e0 la d\u00e9cision de continuation ou d\u2019abandon \u00abGO ou NO GO\u00bb.<\/p>\n<\/div><\/div><div class=\"w-btn-wrapper align_center\"><a class=\"w-btn us-btn-style_2 us_custom_2551682c icon_atright\" href=\"https:\/\/selectiveinvest.com\/en\/contact-us\/\"><span class=\"w-btn-label\">Contactez-nous aujourd\u2019hui et r\u00e9servez votre consultation gratuite<\/span><i class=\"fas fa-fas fa-chevron-right\"><\/i><\/a><\/div><\/div><\/div><\/div><div class=\"vc_col-sm-2 wpb_column vc_column_container\"><div class=\"vc_column-inner\"><div class=\"wpb_wrapper\"><\/div><\/div><\/div><\/div><\/div><\/div><\/div><\/div><\/div><\/section>\n","protected":false},"excerpt":{"rendered":"[vc_custom_heading text=\"Etude de faisabilit\u00e9\" font_container=\"tag:h1|font_size:42px|text_align:left|color:%23ffffff|line_height:52px\" use_theme_fonts=\"yes\" css=\"%7B%22default%22%3A%7B%22font-weight%22%3A%22700%22%7D%7D\"][vc_custom_heading text=\"Qu\u2019est ce qu\u2019une \u00e9tude de faisabilit\u00e9\" font_container=\"tag:h2|font_size:20px|text_align:center|color:%230a0a0a|line_height:30px\" use_theme_fonts=\"yes\" css=\"%7B%22default%22%3A%7B%22font-weight%22%3A%22700%22%2C%22text-transform%22%3A%22capitalize%22%2C%22margin-bottom%22%3A%2230px%22%7D%7D\" el_class=\"cus-border-center\"]L&#8217;\u00e9tude de faisabilit\u00e9, comme son nom l\u2019indique, est une analyse syst\u00e9matique de la viabilit\u00e9 d\u2019un projet. Elle est requise chaque fois que l\u2019on sollicite l\u2019apport des ressources, avant d\u2019entrer en mati\u00e8re, les investisseurs vont examiner toutes les hypoth\u00e8ses qui...","protected":false},"author":1,"featured_media":363,"parent":0,"menu_order":0,"comment_status":"closed","ping_status":"closed","template":"","meta":{"footnotes":""},"class_list":["post-440","page","type-page","status-publish","has-post-thumbnail","hentry"],"yoast_head":"<!-- This site is optimized with the Yoast SEO Premium plugin v26.5 (Yoast SEO v26.6) - https:\/\/yoast.com\/wordpress\/plugins\/seo\/ -->\n<title>feasibility study<\/title>\n<meta name=\"description\" content=\"This feasibility study helps assess project viability, financial risks, and strategic opportunities to guide smart and investment decisions.\" \/>\n<meta name=\"robots\" content=\"index, follow, max-snippet:-1, max-image-preview:large, max-video-preview:-1\" \/>\n<link rel=\"canonical\" href=\"https:\/\/selectiveinvest.com\/feasibility-study-2\/\" \/>\n<meta property=\"og:locale\" content=\"en_US\" \/>\n<meta property=\"og:type\" content=\"article\" \/>\n<meta property=\"og:title\" content=\"Feasibility study\" \/>\n<meta property=\"og:description\" content=\"This feasibility study helps assess project viability, financial risks, and strategic opportunities to guide smart and investment decisions.\" \/>\n<meta property=\"og:url\" content=\"https:\/\/selectiveinvest.com\/feasibility-study-2\/\" \/>\n<meta property=\"og:site_name\" content=\"Selective Invest\" \/>\n<meta property=\"article:modified_time\" content=\"2025-12-30T07:36:47+00:00\" \/>\n<meta property=\"og:image\" content=\"https:\/\/selectiveinvest.com\/wp-content\/uploads\/2023\/01\/Audit_2-scaled.jpg\" \/>\n\t<meta property=\"og:image:width\" content=\"2560\" \/>\n\t<meta property=\"og:image:height\" content=\"1920\" \/>\n\t<meta property=\"og:image:type\" content=\"image\/jpeg\" \/>\n<meta name=\"twitter:card\" content=\"summary_large_image\" \/>\n<meta name=\"twitter:label1\" content=\"Est. reading time\" \/>\n\t<meta name=\"twitter:data1\" content=\"2 minutes\" \/>\n<script type=\"application\/ld+json\" class=\"yoast-schema-graph\">{\"@context\":\"https:\/\/schema.org\",\"@graph\":[{\"@type\":\"WebPage\",\"@id\":\"https:\/\/selectiveinvest.com\/feasibility-study-2\/\",\"url\":\"https:\/\/selectiveinvest.com\/feasibility-study-2\/\",\"name\":\"feasibility study\",\"isPartOf\":{\"@id\":\"https:\/\/selectiveinvest.com\/#website\"},\"primaryImageOfPage\":{\"@id\":\"https:\/\/selectiveinvest.com\/feasibility-study-2\/#primaryimage\"},\"image\":{\"@id\":\"https:\/\/selectiveinvest.com\/feasibility-study-2\/#primaryimage\"},\"thumbnailUrl\":\"https:\/\/selectiveinvest.com\/wp-content\/uploads\/2023\/01\/Audit_2-scaled.jpg\",\"datePublished\":\"2023-01-05T11:03:46+00:00\",\"dateModified\":\"2025-12-30T07:36:47+00:00\",\"description\":\"This feasibility study helps assess project viability, financial risks, and strategic opportunities to guide smart and investment decisions.\",\"breadcrumb\":{\"@id\":\"https:\/\/selectiveinvest.com\/feasibility-study-2\/#breadcrumb\"},\"inLanguage\":\"en-US\",\"potentialAction\":[{\"@type\":\"ReadAction\",\"target\":[\"https:\/\/selectiveinvest.com\/feasibility-study-2\/\"]}]},{\"@type\":\"ImageObject\",\"inLanguage\":\"en-US\",\"@id\":\"https:\/\/selectiveinvest.com\/feasibility-study-2\/#primaryimage\",\"url\":\"https:\/\/selectiveinvest.com\/wp-content\/uploads\/2023\/01\/Audit_2-scaled.jpg\",\"contentUrl\":\"https:\/\/selectiveinvest.com\/wp-content\/uploads\/2023\/01\/Audit_2-scaled.jpg\",\"width\":2560,\"height\":1920,\"caption\":\"feasibility study\"},{\"@type\":\"BreadcrumbList\",\"@id\":\"https:\/\/selectiveinvest.com\/feasibility-study-2\/#breadcrumb\",\"itemListElement\":[{\"@type\":\"ListItem\",\"position\":1,\"name\":\"Accueil\",\"item\":\"https:\/\/selectiveinvest.com\/en\/\"},{\"@type\":\"ListItem\",\"position\":2,\"name\":\"Feasibility study\"}]},{\"@type\":\"WebSite\",\"@id\":\"https:\/\/selectiveinvest.com\/#website\",\"url\":\"https:\/\/selectiveinvest.com\/\",\"name\":\"Selective Invest\",\"description\":\"\",\"potentialAction\":[{\"@type\":\"SearchAction\",\"target\":{\"@type\":\"EntryPoint\",\"urlTemplate\":\"https:\/\/selectiveinvest.com\/?s={search_term_string}\"},\"query-input\":{\"@type\":\"PropertyValueSpecification\",\"valueRequired\":true,\"valueName\":\"search_term_string\"}}],\"inLanguage\":\"en-US\"}]}<\/script>\n<!-- \/ Yoast SEO Premium plugin. -->","yoast_head_json":{"title":"feasibility study","description":"This feasibility study helps assess project viability, financial risks, and strategic opportunities to guide smart and investment decisions.","robots":{"index":"index","follow":"follow","max-snippet":"max-snippet:-1","max-image-preview":"max-image-preview:large","max-video-preview":"max-video-preview:-1"},"canonical":"https:\/\/selectiveinvest.com\/feasibility-study-2\/","og_locale":"en_US","og_type":"article","og_title":"Feasibility study","og_description":"This feasibility study helps assess project viability, financial risks, and strategic opportunities to guide smart and investment decisions.","og_url":"https:\/\/selectiveinvest.com\/feasibility-study-2\/","og_site_name":"Selective Invest","article_modified_time":"2025-12-30T07:36:47+00:00","og_image":[{"width":2560,"height":1920,"url":"https:\/\/selectiveinvest.com\/wp-content\/uploads\/2023\/01\/Audit_2-scaled.jpg","type":"image\/jpeg"}],"twitter_card":"summary_large_image","twitter_misc":{"Est. reading time":"2 minutes"},"schema":{"@context":"https:\/\/schema.org","@graph":[{"@type":"WebPage","@id":"https:\/\/selectiveinvest.com\/feasibility-study-2\/","url":"https:\/\/selectiveinvest.com\/feasibility-study-2\/","name":"feasibility study","isPartOf":{"@id":"https:\/\/selectiveinvest.com\/#website"},"primaryImageOfPage":{"@id":"https:\/\/selectiveinvest.com\/feasibility-study-2\/#primaryimage"},"image":{"@id":"https:\/\/selectiveinvest.com\/feasibility-study-2\/#primaryimage"},"thumbnailUrl":"https:\/\/selectiveinvest.com\/wp-content\/uploads\/2023\/01\/Audit_2-scaled.jpg","datePublished":"2023-01-05T11:03:46+00:00","dateModified":"2025-12-30T07:36:47+00:00","description":"This feasibility study helps assess project viability, financial risks, and strategic opportunities to guide smart and investment decisions.","breadcrumb":{"@id":"https:\/\/selectiveinvest.com\/feasibility-study-2\/#breadcrumb"},"inLanguage":"en-US","potentialAction":[{"@type":"ReadAction","target":["https:\/\/selectiveinvest.com\/feasibility-study-2\/"]}]},{"@type":"ImageObject","inLanguage":"en-US","@id":"https:\/\/selectiveinvest.com\/feasibility-study-2\/#primaryimage","url":"https:\/\/selectiveinvest.com\/wp-content\/uploads\/2023\/01\/Audit_2-scaled.jpg","contentUrl":"https:\/\/selectiveinvest.com\/wp-content\/uploads\/2023\/01\/Audit_2-scaled.jpg","width":2560,"height":1920,"caption":"feasibility study"},{"@type":"BreadcrumbList","@id":"https:\/\/selectiveinvest.com\/feasibility-study-2\/#breadcrumb","itemListElement":[{"@type":"ListItem","position":1,"name":"Accueil","item":"https:\/\/selectiveinvest.com\/en\/"},{"@type":"ListItem","position":2,"name":"Feasibility study"}]},{"@type":"WebSite","@id":"https:\/\/selectiveinvest.com\/#website","url":"https:\/\/selectiveinvest.com\/","name":"Selective Invest","description":"","potentialAction":[{"@type":"SearchAction","target":{"@type":"EntryPoint","urlTemplate":"https:\/\/selectiveinvest.com\/?s={search_term_string}"},"query-input":{"@type":"PropertyValueSpecification","valueRequired":true,"valueName":"search_term_string"}}],"inLanguage":"en-US"}]}},"_links":{"self":[{"href":"https:\/\/selectiveinvest.com\/en\/wp-json\/wp\/v2\/pages\/440","targetHints":{"allow":["GET"]}}],"collection":[{"href":"https:\/\/selectiveinvest.com\/en\/wp-json\/wp\/v2\/pages"}],"about":[{"href":"https:\/\/selectiveinvest.com\/en\/wp-json\/wp\/v2\/types\/page"}],"author":[{"embeddable":true,"href":"https:\/\/selectiveinvest.com\/en\/wp-json\/wp\/v2\/users\/1"}],"replies":[{"embeddable":true,"href":"https:\/\/selectiveinvest.com\/en\/wp-json\/wp\/v2\/comments?post=440"}],"version-history":[{"count":33,"href":"https:\/\/selectiveinvest.com\/en\/wp-json\/wp\/v2\/pages\/440\/revisions"}],"predecessor-version":[{"id":1027,"href":"https:\/\/selectiveinvest.com\/en\/wp-json\/wp\/v2\/pages\/440\/revisions\/1027"}],"wp:featuredmedia":[{"embeddable":true,"href":"https:\/\/selectiveinvest.com\/en\/wp-json\/wp\/v2\/media\/363"}],"wp:attachment":[{"href":"https:\/\/selectiveinvest.com\/en\/wp-json\/wp\/v2\/media?parent=440"}],"curies":[{"name":"wp","href":"https:\/\/api.w.org\/{rel}","templated":true}]}}