{"id":431,"date":"2023-01-05T11:21:30","date_gmt":"2023-01-05T11:21:30","guid":{"rendered":"https:\/\/selectiveinvest.com\/coaching-management-training\/"},"modified":"2023-01-12T12:57:42","modified_gmt":"2023-01-12T12:57:42","slug":"coaching-management-training","status":"publish","type":"page","link":"https:\/\/selectiveinvest.com\/en\/coaching-management-training\/","title":{"rendered":"Coaching &amp; Management Training"},"content":{"rendered":"<section class=\"l-section wpb_row us_custom_96fba229 cus-services-banner height_medium\"><div class=\"l-section-h i-cf\"><div class=\"g-cols vc_row via_flex valign_middle type_default stacking_default\"><div class=\"vc_col-sm-12 wpb_column vc_column_container\"><div class=\"vc_column-inner\"><div class=\"wpb_wrapper\"><div class=\"g-cols wpb_row via_flex valign_middle type_default stacking_default\"><div class=\"vc_col-sm-12 wpb_column vc_column_container\"><div class=\"vc_column-inner\"><div class=\"wpb_wrapper\">[vc_custom_heading text=&#8221;Coaching &#038; Formation en management&#8221; font_container=&#8221;tag:h1|font_size:42px|text_align:left|color:%23ffffff|line_height:52px&#8221; use_theme_fonts=&#8221;yes&#8221; css=&#8221;%7B%22default%22%3A%7B%22font-weight%22%3A%22700%22%7D%7D&#8221;]<\/div><\/div><\/div><\/div><\/div><\/div><\/div><\/div><\/div><\/section><section class=\"l-section wpb_row us_custom_815c1c57 height_medium\"><div class=\"l-section-h i-cf\"><div class=\"g-cols vc_row via_flex valign_top type_default stacking_default\"><div class=\"vc_col-sm-6 wpb_column vc_column_container\"><div class=\"vc_column-inner\"><div class=\"wpb_wrapper\"><div class=\"w-image us_custom_9cf479d2 align_none\"><div class=\"w-image-h\"><img decoding=\"async\" width=\"2560\" height=\"1920\" src=\"https:\/\/selectiveinvest.com\/wp-content\/uploads\/2023\/01\/Visite-dusines.jpg\" class=\"attachment-full size-full\" alt=\"thorough diagnosis\" loading=\"lazy\" srcset=\"https:\/\/selectiveinvest.com\/wp-content\/uploads\/2023\/01\/Visite-dusines.jpg 2560w, https:\/\/selectiveinvest.com\/wp-content\/uploads\/2023\/01\/Visite-dusines-300x225.jpg 300w, https:\/\/selectiveinvest.com\/wp-content\/uploads\/2023\/01\/Visite-dusines-1024x768.jpg 1024w\" sizes=\"auto, (max-width: 2560px) 100vw, 2560px\" \/><\/div><\/div><\/div><\/div><\/div><div class=\"vc_col-sm-6 wpb_column vc_column_container\"><div class=\"vc_column-inner\"><div class=\"wpb_wrapper\">[vc_custom_heading text=&#8221;Ateliers pratiques en entreprise&#8221; font_container=&#8221;tag:h2|font_size:20px|text_align:center|color:%230a0a0a|line_height:30px&#8221; use_theme_fonts=&#8221;yes&#8221; css=&#8221;%7B%22default%22%3A%7B%22font-weight%22%3A%22700%22%2C%22text-transform%22%3A%22capitalize%22%2C%22margin-bottom%22%3A%2230px%22%7D%7D&#8221; el_class=&#8221;cus-border-center&#8221;]<div class=\"wpb_text_column us_custom_83675837 has_text_color\"><div class=\"wpb_wrapper\"><p>Nous offrons des ateliers pratiques de 1 \u00e0 5 jours, pour des groupes de participants de 12 personnes maximum, ou du sur-mesure, dans vos propres locaux.<\/p>\n<\/div><\/div><\/div><\/div><\/div><\/div><\/div><\/section><section class=\"l-section wpb_row us_custom_60c12404 height_medium\"><div class=\"l-section-h i-cf\"><div class=\"g-cols vc_row via_flex valign_top type_default stacking_default\"><div class=\"vc_col-sm-6 wpb_column vc_column_container\"><div class=\"vc_column-inner\"><div class=\"wpb_wrapper\">[vc_custom_heading text=&#8221;Une \u00e9quipe de formateurs hautement qualifi\u00e9s&#8221; font_container=&#8221;tag:h2|font_size:20px|text_align:center|color:%230a0a0a|line_height:30px&#8221; use_theme_fonts=&#8221;yes&#8221; css=&#8221;%7B%22default%22%3A%7B%22font-weight%22%3A%22700%22%2C%22text-transform%22%3A%22capitalize%22%2C%22margin-bottom%22%3A%2230px%22%7D%7D&#8221; el_class=&#8221;cus-border-center&#8221;]<div class=\"wpb_text_column us_custom_f14d37d5 has_text_color\"><div class=\"wpb_wrapper\"><p>Notre \u00e9quipe de formateurs est compos\u00e9e des praticiens et consultants certifi\u00e9s EDUQUA pour la formation des adultes. La majorit\u00e9 de nos intervenants ont une exp\u00e9rience de plus de 20 ans d\u2019activit\u00e9 dans le domaine de leur enseignement et disposent d\u2019un titre universitaire (Master ou Doctorat) d\u2019une grande universit\u00e9 publique reconnue. Tous se forment r\u00e9guli\u00e8rement dans le cadre de notre politique de d\u00e9veloppement professionnel continu.<\/p>\n<\/div><\/div><\/div><\/div><\/div><div class=\"vc_col-sm-6 wpb_column vc_column_container\"><div class=\"vc_column-inner\"><div class=\"wpb_wrapper\">[vc_custom_heading text=&#8221;A qui s\u2019adressent nos formations ?&#8221; font_container=&#8221;tag:h2|font_size:20px|text_align:center|color:%230a0a0a|line_height:30px&#8221; use_theme_fonts=&#8221;yes&#8221; css=&#8221;%7B%22default%22%3A%7B%22font-weight%22%3A%22700%22%2C%22text-transform%22%3A%22capitalize%22%2C%22margin-bottom%22%3A%2230px%22%7D%7D&#8221; el_class=&#8221;cus-border-center&#8221;]<div class=\"wpb_text_column us_custom_f14d37d5 has_text_color\"><div class=\"wpb_wrapper\"><ul class=\"cus-mark-li\">\n<li>Cadres sup\u00e9rieurs et les professionnels charg\u00e9s de la direction, la gestion des responsabilit\u00e9s li\u00e9es au d\u00e9veloppement et \u00e0 la mise en \u0153uvre de la strat\u00e9gie<\/li>\n<li>Equipes et personnes responsables du tableau de bord et indicateurs cl\u00e9s de performance et reportingy<\/li>\n<li>Etudiants en gestion (Bachelor et Master) des universit\u00e9s et \u00e9coles de commerce.<\/li>\n<\/ul>\n<\/div><\/div><\/div><\/div><\/div><\/div><\/div><\/section><section class=\"l-section wpb_row us_custom_815c1c57 height_medium\"><div class=\"l-section-h i-cf\"><div class=\"g-cols vc_row via_flex valign_top type_default stacking_default\"><div class=\"vc_col-sm-12 wpb_column vc_column_container\"><div class=\"vc_column-inner\"><div class=\"wpb_wrapper\">[vc_custom_heading text=&#8221;Contact Us&#8221; font_container=&#8221;tag:h2|font_size:32px|text_align:center|color:%230a0a0a|line_height:42px&#8221; use_theme_fonts=&#8221;yes&#8221; css=&#8221;%7B%22default%22%3A%7B%22font-weight%22%3A%22700%22%2C%22text-transform%22%3A%22capitalize%22%2C%22margin-bottom%22%3A%2230px%22%7D%7D&#8221; el_class=&#8221;cus-border-center&#8221;]<div class=\"g-cols wpb_row cus-center-content via_flex valign_top type_default stacking_default\"><div class=\"vc_col-sm-8 wpb_column vc_column_container\"><div class=\"vc_column-inner\"><div class=\"wpb_wrapper\"><div class=\"wpb_text_column us_custom_1c5e9371 has_text_color\"><div class=\"wpb_wrapper\"><p>Contact us to find out how your organization can benefit from Daremtec customized training solutions<\/p>\n<\/div><\/div><div class=\"w-iconbox us_custom_2f0d0d4e iconpos_left style_default color_primary align_left no_title\"><div class=\"w-iconbox-icon\" style=\"font-size:1rem;\"><i class=\"fas fa-fas fa-mobile-alt\"><\/i><\/div><div class=\"w-iconbox-meta\"><div class=\"w-iconbox-text\"><p>+41(022) 920 05 21<\/p>\n<\/div><\/div><\/div><div class=\"w-iconbox us_custom_4f6fb0ac iconpos_left style_default color_primary align_left no_title\"><div class=\"w-iconbox-icon\" style=\"font-size:1rem;\"><i class=\"fas fa-fas fa-envelope\"><\/i><\/div><div class=\"w-iconbox-meta\"><div class=\"w-iconbox-text\"><p><a href=\"mailto:info@daremtec.com\">info@daremtec.com<\/a><\/p>\n<\/div><\/div><\/div><\/div><\/div><\/div><\/div><\/div><\/div><\/div><\/div><\/div><\/section>\n","protected":false},"excerpt":{"rendered":"[vc_custom_heading text=\"Coaching & Formation en management\" font_container=\"tag:h1|font_size:42px|text_align:left|color:%23ffffff|line_height:52px\" use_theme_fonts=\"yes\" css=\"%7B%22default%22%3A%7B%22font-weight%22%3A%22700%22%7D%7D\"][vc_custom_heading text=\"Ateliers pratiques en entreprise\" font_container=\"tag:h2|font_size:20px|text_align:center|color:%230a0a0a|line_height:30px\" use_theme_fonts=\"yes\" css=\"%7B%22default%22%3A%7B%22font-weight%22%3A%22700%22%2C%22text-transform%22%3A%22capitalize%22%2C%22margin-bottom%22%3A%2230px%22%7D%7D\" el_class=\"cus-border-center\"]Nous offrons des ateliers pratiques de 1 \u00e0 5 jours, pour des groupes de participants de 12 personnes maximum, ou du sur-mesure, dans vos propres locaux. [vc_custom_heading text=\"Une \u00e9quipe de formateurs hautement qualifi\u00e9s\" font_container=\"tag:h2|font_size:20px|text_align:center|color:%230a0a0a|line_height:30px\" use_theme_fonts=\"yes\" css=\"%7B%22default%22%3A%7B%22font-weight%22%3A%22700%22%2C%22text-transform%22%3A%22capitalize%22%2C%22margin-bottom%22%3A%2230px%22%7D%7D\" el_class=\"cus-border-center\"]Notre \u00e9quipe de...","protected":false},"author":1,"featured_media":0,"parent":0,"menu_order":0,"comment_status":"closed","ping_status":"closed","template":"","meta":{"footnotes":""},"class_list":["post-431","page","type-page","status-publish","hentry"],"yoast_head":"<!-- This site is optimized with the Yoast SEO Premium plugin v26.5 (Yoast SEO v26.6) - https:\/\/yoast.com\/wordpress\/plugins\/seo\/ -->\n<title>Coaching &amp; Management Training - Selective Invest<\/title>\n<meta name=\"robots\" content=\"index, follow, max-snippet:-1, max-image-preview:large, max-video-preview:-1\" \/>\n<link rel=\"canonical\" href=\"https:\/\/selectiveinvest.com\/en\/coaching-management-training\/\" \/>\n<meta property=\"og:locale\" content=\"en_US\" \/>\n<meta property=\"og:type\" content=\"article\" \/>\n<meta property=\"og:title\" content=\"Coaching &amp; Management Training\" \/>\n<meta property=\"og:url\" content=\"https:\/\/selectiveinvest.com\/en\/coaching-management-training\/\" \/>\n<meta property=\"og:site_name\" content=\"Selective Invest\" \/>\n<meta property=\"article:modified_time\" content=\"2023-01-12T12:57:42+00:00\" \/>\n<meta name=\"twitter:card\" content=\"summary_large_image\" \/>\n<meta name=\"twitter:label1\" content=\"Est. reading time\" \/>\n\t<meta name=\"twitter:data1\" content=\"4 minutes\" \/>\n<script type=\"application\/ld+json\" class=\"yoast-schema-graph\">{\"@context\":\"https:\/\/schema.org\",\"@graph\":[{\"@type\":\"WebPage\",\"@id\":\"https:\/\/selectiveinvest.com\/en\/coaching-management-training\/\",\"url\":\"https:\/\/selectiveinvest.com\/en\/coaching-management-training\/\",\"name\":\"Coaching &amp; Management Training - Selective Invest\",\"isPartOf\":{\"@id\":\"https:\/\/selectiveinvest.com\/#website\"},\"datePublished\":\"2023-01-05T11:21:30+00:00\",\"dateModified\":\"2023-01-12T12:57:42+00:00\",\"breadcrumb\":{\"@id\":\"https:\/\/selectiveinvest.com\/en\/coaching-management-training\/#breadcrumb\"},\"inLanguage\":\"en-US\",\"potentialAction\":[{\"@type\":\"ReadAction\",\"target\":[\"https:\/\/selectiveinvest.com\/en\/coaching-management-training\/\"]}]},{\"@type\":\"BreadcrumbList\",\"@id\":\"https:\/\/selectiveinvest.com\/en\/coaching-management-training\/#breadcrumb\",\"itemListElement\":[{\"@type\":\"ListItem\",\"position\":1,\"name\":\"Accueil\",\"item\":\"https:\/\/selectiveinvest.com\/en\/\"},{\"@type\":\"ListItem\",\"position\":2,\"name\":\"Coaching &amp; Management Training\"}]},{\"@type\":\"WebSite\",\"@id\":\"https:\/\/selectiveinvest.com\/#website\",\"url\":\"https:\/\/selectiveinvest.com\/\",\"name\":\"Selective Invest\",\"description\":\"\",\"potentialAction\":[{\"@type\":\"SearchAction\",\"target\":{\"@type\":\"EntryPoint\",\"urlTemplate\":\"https:\/\/selectiveinvest.com\/?s={search_term_string}\"},\"query-input\":{\"@type\":\"PropertyValueSpecification\",\"valueRequired\":true,\"valueName\":\"search_term_string\"}}],\"inLanguage\":\"en-US\"}]}<\/script>\n<!-- \/ Yoast SEO Premium plugin. -->","yoast_head_json":{"title":"Coaching &amp; Management Training - Selective Invest","robots":{"index":"index","follow":"follow","max-snippet":"max-snippet:-1","max-image-preview":"max-image-preview:large","max-video-preview":"max-video-preview:-1"},"canonical":"https:\/\/selectiveinvest.com\/en\/coaching-management-training\/","og_locale":"en_US","og_type":"article","og_title":"Coaching &amp; Management Training","og_url":"https:\/\/selectiveinvest.com\/en\/coaching-management-training\/","og_site_name":"Selective Invest","article_modified_time":"2023-01-12T12:57:42+00:00","twitter_card":"summary_large_image","twitter_misc":{"Est. reading time":"4 minutes"},"schema":{"@context":"https:\/\/schema.org","@graph":[{"@type":"WebPage","@id":"https:\/\/selectiveinvest.com\/en\/coaching-management-training\/","url":"https:\/\/selectiveinvest.com\/en\/coaching-management-training\/","name":"Coaching &amp; Management Training - Selective Invest","isPartOf":{"@id":"https:\/\/selectiveinvest.com\/#website"},"datePublished":"2023-01-05T11:21:30+00:00","dateModified":"2023-01-12T12:57:42+00:00","breadcrumb":{"@id":"https:\/\/selectiveinvest.com\/en\/coaching-management-training\/#breadcrumb"},"inLanguage":"en-US","potentialAction":[{"@type":"ReadAction","target":["https:\/\/selectiveinvest.com\/en\/coaching-management-training\/"]}]},{"@type":"BreadcrumbList","@id":"https:\/\/selectiveinvest.com\/en\/coaching-management-training\/#breadcrumb","itemListElement":[{"@type":"ListItem","position":1,"name":"Accueil","item":"https:\/\/selectiveinvest.com\/en\/"},{"@type":"ListItem","position":2,"name":"Coaching &amp; Management Training"}]},{"@type":"WebSite","@id":"https:\/\/selectiveinvest.com\/#website","url":"https:\/\/selectiveinvest.com\/","name":"Selective Invest","description":"","potentialAction":[{"@type":"SearchAction","target":{"@type":"EntryPoint","urlTemplate":"https:\/\/selectiveinvest.com\/?s={search_term_string}"},"query-input":{"@type":"PropertyValueSpecification","valueRequired":true,"valueName":"search_term_string"}}],"inLanguage":"en-US"}]}},"_links":{"self":[{"href":"https:\/\/selectiveinvest.com\/en\/wp-json\/wp\/v2\/pages\/431","targetHints":{"allow":["GET"]}}],"collection":[{"href":"https:\/\/selectiveinvest.com\/en\/wp-json\/wp\/v2\/pages"}],"about":[{"href":"https:\/\/selectiveinvest.com\/en\/wp-json\/wp\/v2\/types\/page"}],"author":[{"embeddable":true,"href":"https:\/\/selectiveinvest.com\/en\/wp-json\/wp\/v2\/users\/1"}],"replies":[{"embeddable":true,"href":"https:\/\/selectiveinvest.com\/en\/wp-json\/wp\/v2\/comments?post=431"}],"version-history":[{"count":6,"href":"https:\/\/selectiveinvest.com\/en\/wp-json\/wp\/v2\/pages\/431\/revisions"}],"predecessor-version":[{"id":666,"href":"https:\/\/selectiveinvest.com\/en\/wp-json\/wp\/v2\/pages\/431\/revisions\/666"}],"wp:attachment":[{"href":"https:\/\/selectiveinvest.com\/en\/wp-json\/wp\/v2\/media?parent=431"}],"curies":[{"name":"wp","href":"https:\/\/api.w.org\/{rel}","templated":true}]}}