{"id":417,"date":"2023-01-05T05:03:25","date_gmt":"2023-01-05T05:03:25","guid":{"rendered":"https:\/\/selectiveinvest.com\/about-us\/"},"modified":"2025-12-30T07:29:43","modified_gmt":"2025-12-30T07:29:43","slug":"about-us-investment","status":"publish","type":"page","link":"https:\/\/selectiveinvest.com\/en\/about-us-investment\/","title":{"rendered":"About Us"},"content":{"rendered":"<section class=\"l-section wpb_row us_custom_96fba229 cus-services-banner height_medium\"><div class=\"l-section-h i-cf\"><div class=\"g-cols vc_row via_flex valign_middle type_default stacking_default\"><div class=\"vc_col-sm-12 wpb_column vc_column_container\"><div class=\"vc_column-inner\"><div class=\"wpb_wrapper\"><div class=\"g-cols wpb_row via_flex valign_middle type_default stacking_default\"><div class=\"vc_col-sm-12 wpb_column vc_column_container\"><div class=\"vc_column-inner\"><div class=\"wpb_wrapper\">[vc_custom_heading text=&#8221;A propos de nous&#8221; font_container=&#8221;tag:h1|font_size:42px|text_align:left|color:%23ffffff|line_height:52px&#8221; use_theme_fonts=&#8221;yes&#8221; css=&#8221;%7B%22default%22%3A%7B%22font-weight%22%3A%22700%22%7D%7D&#8221;]<\/div><\/div><\/div><\/div><\/div><\/div><\/div><\/div><\/div><\/section><section class=\"l-section wpb_row us_custom_815c1c57 cus-cunsulting-section height_medium\"><div class=\"l-section-h i-cf\"><div class=\"g-cols vc_row via_flex valign_top type_default stacking_default\"><div class=\"vc_col-sm-12 wpb_column vc_column_container\"><div class=\"vc_column-inner\"><div class=\"wpb_wrapper\">[vc_custom_heading text=&#8221;A propos de nous&#8221; font_container=&#8221;tag:h2|font_size:32px|text_align:center|color:%230a0a0a|line_height:42px&#8221; use_theme_fonts=&#8221;yes&#8221; css=&#8221;%7B%22default%22%3A%7B%22font-weight%22%3A%22700%22%2C%22text-transform%22%3A%22capitalize%22%2C%22margin-bottom%22%3A%2270px%22%7D%7D&#8221; el_class=&#8221;cus-border-center&#8221;]<div class=\"g-cols wpb_row via_flex valign_top type_default stacking_default\"><div class=\"vc_col-sm-6 wpb_column vc_column_container\"><div class=\"vc_column-inner\"><div class=\"wpb_wrapper\"><div class=\"w-image us_custom_9cf479d2 align_none\"><div class=\"w-image-h\"><img decoding=\"async\" width=\"2560\" height=\"1920\" src=\"https:\/\/selectiveinvest.com\/wp-content\/uploads\/2023\/01\/Visite-client-fabrication-de-maison-en-kits.jpg\" class=\"attachment-full size-full\" alt=\"Our Services\" loading=\"lazy\" srcset=\"https:\/\/selectiveinvest.com\/wp-content\/uploads\/2023\/01\/Visite-client-fabrication-de-maison-en-kits.jpg 2560w, https:\/\/selectiveinvest.com\/wp-content\/uploads\/2023\/01\/Visite-client-fabrication-de-maison-en-kits-300x225.jpg 300w, https:\/\/selectiveinvest.com\/wp-content\/uploads\/2023\/01\/Visite-client-fabrication-de-maison-en-kits-1024x768.jpg 1024w\" sizes=\"auto, (max-width: 2560px) 100vw, 2560px\" \/><\/div><\/div><\/div><\/div><\/div><div class=\"vc_col-sm-6 wpb_column vc_column_container\"><div class=\"vc_column-inner\"><div class=\"wpb_wrapper\">[vc_custom_heading text=&#8221;Qui nous sommes&#8221; font_container=&#8221;tag:h5|font_size:18px|text_align:left|color:%230a0a0a|line_height:26px&#8221; use_theme_fonts=&#8221;yes&#8221; css=&#8221;%7B%22default%22%3A%7B%22font-weight%22%3A%22600%22%2C%22text-transform%22%3A%22capitalize%22%7D%7D&#8221;]<div class=\"wpb_text_column\"><div class=\"wpb_wrapper\"><p>Fond\u00e9 en juillet 2007, Daremtec S\u00e0rl se sp\u00e9cialise dans le conseil et formation en informatique et management, notamment l&#8217;organisation et la conduite du changement. Nous accompagnons les cr\u00e9ateurs de projets, les dirigeants de petites et moyennes entreprises et des organisations dans les phases critiques suivantes : r\u00e9daction du Business Plan, impl\u00e9mentation des syst\u00e8mes de mesure de la performance et mise en place d&#8217;une d\u00e9marche d&#8217;am\u00e9lioration continue.<\/p>\n<\/div><\/div><\/div><\/div><\/div><\/div><\/div><\/div><\/div><\/div><\/div><\/section><section class=\"l-section wpb_row us_custom_37b321d1 height_medium\"><div class=\"l-section-h i-cf\"><div class=\"g-cols vc_row via_flex valign_top type_default stacking_default\"><div class=\"vc_col-sm-12 wpb_column vc_column_container\"><div class=\"vc_column-inner\"><div class=\"wpb_wrapper\"><div class=\"g-cols wpb_row via_flex valign_top type_default stacking_default\"><div class=\"vc_col-sm-6 wpb_column vc_column_container\"><div class=\"vc_column-inner\"><div class=\"wpb_wrapper\">[vc_custom_heading text=&#8221;Notre \u00e9quipe&#8221; font_container=&#8221;tag:h5|font_size:18px|text_align:left|color:%230a0a0a|line_height:26px&#8221; use_theme_fonts=&#8221;yes&#8221; css=&#8221;%7B%22default%22%3A%7B%22font-weight%22%3A%22600%22%2C%22text-transform%22%3A%22capitalize%22%7D%7D&#8221;]<div class=\"wpb_text_column\"><div class=\"wpb_wrapper\"><p>Daremtec S\u00e0rl r\u00e9unit une \u00e9quipe de personnes exp\u00e9riment\u00e9es. Tous nos consultants et formateurs ont de solides qualifications acad\u00e9miques et disposent d&#8217;une exp\u00e9rience pratique acquise dans plusieurs entreprises et organisations.<\/p>\n<\/div><\/div><\/div><\/div><\/div><div class=\"vc_col-sm-6 wpb_column vc_column_container\"><div class=\"vc_column-inner\"><div class=\"wpb_wrapper\"><div class=\"w-image us_custom_9cf479d2 align_none\"><div class=\"w-image-h\"><img decoding=\"async\" width=\"2560\" height=\"1920\" src=\"https:\/\/selectiveinvest.com\/wp-content\/uploads\/2023\/01\/En-compagnie-dautres-consultants-Dublin3.jpg\" class=\"attachment-full size-full\" alt=\"About Us Investment\" loading=\"lazy\" srcset=\"https:\/\/selectiveinvest.com\/wp-content\/uploads\/2023\/01\/En-compagnie-dautres-consultants-Dublin3.jpg 2560w, https:\/\/selectiveinvest.com\/wp-content\/uploads\/2023\/01\/En-compagnie-dautres-consultants-Dublin3-300x225.jpg 300w, https:\/\/selectiveinvest.com\/wp-content\/uploads\/2023\/01\/En-compagnie-dautres-consultants-Dublin3-1024x768.jpg 1024w\" sizes=\"auto, (max-width: 2560px) 100vw, 2560px\" \/><\/div><\/div><\/div><\/div><\/div><\/div><\/div><\/div><\/div><\/div><\/div><\/section><section class=\"l-section wpb_row us_custom_815c1c57 height_medium\"><div class=\"l-section-h i-cf\"><div class=\"g-cols vc_row via_flex valign_top type_default stacking_default\"><div class=\"vc_col-sm-12 wpb_column vc_column_container\"><div class=\"vc_column-inner\"><div class=\"wpb_wrapper\"><div class=\"g-cols wpb_row via_flex valign_top type_default stacking_default\"><div class=\"vc_col-sm-6 wpb_column vc_column_container\"><div class=\"vc_column-inner\"><div class=\"wpb_wrapper\"><div class=\"w-image us_custom_9cf479d2 align_none\"><div class=\"w-image-h\"><img decoding=\"async\" width=\"2560\" height=\"1920\" src=\"https:\/\/selectiveinvest.com\/wp-content\/uploads\/2023\/01\/Visite-client-fabrication-de-maison-en-kits.jpg\" class=\"attachment-full size-full\" alt=\"Our Services\" loading=\"lazy\" srcset=\"https:\/\/selectiveinvest.com\/wp-content\/uploads\/2023\/01\/Visite-client-fabrication-de-maison-en-kits.jpg 2560w, https:\/\/selectiveinvest.com\/wp-content\/uploads\/2023\/01\/Visite-client-fabrication-de-maison-en-kits-300x225.jpg 300w, https:\/\/selectiveinvest.com\/wp-content\/uploads\/2023\/01\/Visite-client-fabrication-de-maison-en-kits-1024x768.jpg 1024w\" sizes=\"auto, (max-width: 2560px) 100vw, 2560px\" \/><\/div><\/div><\/div><\/div><\/div><div class=\"vc_col-sm-6 wpb_column vc_column_container\"><div class=\"vc_column-inner\"><div class=\"wpb_wrapper\">[vc_custom_heading text=&#8221;Nos valeurs&#8221; font_container=&#8221;tag:h5|font_size:18px|text_align:left|color:%230a0a0a|line_height:26px&#8221; use_theme_fonts=&#8221;yes&#8221; css=&#8221;%7B%22default%22%3A%7B%22font-weight%22%3A%22600%22%2C%22text-transform%22%3A%22capitalize%22%7D%7D&#8221;]<div class=\"wpb_text_column\"><div class=\"wpb_wrapper\"><ul class=\"cus-mark-li\">\n<li>Agir comme un partenaire d&#8217;affaires<\/li>\n<li>Attitude &#8220;gagnant-gagnant&#8221;<\/li>\n<li>Comprendre et \u00eatre compris<\/li>\n<li>Encourager l&#8217;apprentissage<\/li>\n<li>Discr\u00e9tion et fiabilit\u00e9<\/li>\n<\/ul>\n<\/div><\/div><\/div><\/div><\/div><\/div><\/div><\/div><\/div><\/div><\/div><\/section><section class=\"l-section wpb_row us_custom_37b321d1 height_medium\"><div class=\"l-section-h i-cf\"><div class=\"g-cols vc_row via_flex valign_top type_default stacking_default\"><div class=\"vc_col-sm-12 wpb_column vc_column_container\"><div class=\"vc_column-inner\"><div class=\"wpb_wrapper\"><div class=\"g-cols wpb_row via_flex valign_top type_default stacking_default\"><div class=\"vc_col-sm-6 wpb_column vc_column_container\"><div class=\"vc_column-inner\"><div class=\"wpb_wrapper\">[vc_custom_heading text=&#8221;Notre client\u00e8le&#8221; font_container=&#8221;tag:h5|font_size:18px|text_align:left|color:%230a0a0a|line_height:26px&#8221; use_theme_fonts=&#8221;yes&#8221; css=&#8221;%7B%22default%22%3A%7B%22font-weight%22%3A%22600%22%2C%22text-transform%22%3A%22capitalize%22%7D%7D&#8221;]<div class=\"wpb_text_column\"><div class=\"wpb_wrapper\"><p>Nos clients sont audacieux avec de l&#8217;ambition, Ils ont du talent, de la volont\u00e9 et l&#8217;ouverture d&#8217;esprit n\u00e9cessaire pour r\u00e9ussir car ils ne se satisfont pas du statu quo.<\/p>\n<\/div><\/div><\/div><\/div><\/div><div class=\"vc_col-sm-6 wpb_column vc_column_container\"><div class=\"vc_column-inner\"><div class=\"wpb_wrapper\"><div class=\"w-image us_custom_9cf479d2 align_none\"><div class=\"w-image-h\"><img decoding=\"async\" width=\"2560\" height=\"1920\" src=\"https:\/\/selectiveinvest.com\/wp-content\/uploads\/2023\/01\/Visite-client-fabrication-de-maison-en-kits.jpg\" class=\"attachment-full size-full\" alt=\"Our Services\" loading=\"lazy\" srcset=\"https:\/\/selectiveinvest.com\/wp-content\/uploads\/2023\/01\/Visite-client-fabrication-de-maison-en-kits.jpg 2560w, https:\/\/selectiveinvest.com\/wp-content\/uploads\/2023\/01\/Visite-client-fabrication-de-maison-en-kits-300x225.jpg 300w, https:\/\/selectiveinvest.com\/wp-content\/uploads\/2023\/01\/Visite-client-fabrication-de-maison-en-kits-1024x768.jpg 1024w\" sizes=\"auto, (max-width: 2560px) 100vw, 2560px\" \/><\/div><\/div><\/div><\/div><\/div><\/div><\/div><\/div><\/div><\/div><\/div><\/section>\n","protected":false},"excerpt":{"rendered":"[vc_custom_heading text=\"A propos de nous\" font_container=\"tag:h1|font_size:42px|text_align:left|color:%23ffffff|line_height:52px\" use_theme_fonts=\"yes\" css=\"%7B%22default%22%3A%7B%22font-weight%22%3A%22700%22%7D%7D\"][vc_custom_heading text=\"A propos de nous\" font_container=\"tag:h2|font_size:32px|text_align:center|color:%230a0a0a|line_height:42px\" use_theme_fonts=\"yes\" css=\"%7B%22default%22%3A%7B%22font-weight%22%3A%22700%22%2C%22text-transform%22%3A%22capitalize%22%2C%22margin-bottom%22%3A%2270px%22%7D%7D\" el_class=\"cus-border-center\"][vc_custom_heading text=\"Qui nous sommes\" font_container=\"tag:h5|font_size:18px|text_align:left|color:%230a0a0a|line_height:26px\" use_theme_fonts=\"yes\" css=\"%7B%22default%22%3A%7B%22font-weight%22%3A%22600%22%2C%22text-transform%22%3A%22capitalize%22%7D%7D\"]Fond\u00e9 en juillet 2007, Daremtec S\u00e0rl se sp\u00e9cialise dans le conseil et formation en informatique et management, notamment l&#8217;organisation et la conduite du changement. Nous accompagnons les cr\u00e9ateurs de projets, les dirigeants de petites...","protected":false},"author":1,"featured_media":380,"parent":0,"menu_order":0,"comment_status":"closed","ping_status":"closed","template":"","meta":{"footnotes":""},"class_list":["post-417","page","type-page","status-publish","has-post-thumbnail","hentry"],"yoast_head":"<!-- This site is optimized with the Yoast SEO Premium plugin v26.5 (Yoast SEO v26.6) - https:\/\/yoast.com\/wordpress\/plugins\/seo\/ -->\n<title>About Us Investment<\/title>\n<meta name=\"description\" content=\"Learn About Us, our mission, core values, and professional investment approach built on trust, transparency, and long term expertise.\" \/>\n<meta name=\"robots\" content=\"index, follow, max-snippet:-1, max-image-preview:large, max-video-preview:-1\" \/>\n<link rel=\"canonical\" href=\"https:\/\/selectiveinvest.com\/about-us-investment\/\" \/>\n<meta property=\"og:locale\" content=\"en_US\" \/>\n<meta property=\"og:type\" content=\"article\" \/>\n<meta property=\"og:title\" content=\"About Us\" \/>\n<meta property=\"og:description\" content=\"Learn About Us, our mission, core values, and professional investment approach built on trust, transparency, and long term expertise.\" \/>\n<meta property=\"og:url\" content=\"https:\/\/selectiveinvest.com\/about-us-investment\/\" \/>\n<meta property=\"og:site_name\" content=\"Selective Invest\" \/>\n<meta property=\"article:modified_time\" content=\"2025-12-30T07:29:43+00:00\" \/>\n<meta property=\"og:image\" content=\"https:\/\/selectiveinvest.com\/wp-content\/uploads\/2023\/01\/En-compagnie-dautres-consultants-Dublin3.jpg\" \/>\n\t<meta property=\"og:image:width\" content=\"2560\" \/>\n\t<meta property=\"og:image:height\" content=\"1920\" \/>\n\t<meta property=\"og:image:type\" content=\"image\/jpeg\" \/>\n<meta name=\"twitter:card\" content=\"summary_large_image\" \/>\n<meta name=\"twitter:label1\" content=\"Est. reading time\" \/>\n\t<meta name=\"twitter:data1\" content=\"2 minutes\" \/>\n<script type=\"application\/ld+json\" class=\"yoast-schema-graph\">{\"@context\":\"https:\/\/schema.org\",\"@graph\":[{\"@type\":\"WebPage\",\"@id\":\"https:\/\/selectiveinvest.com\/about-us-investment\/\",\"url\":\"https:\/\/selectiveinvest.com\/about-us-investment\/\",\"name\":\"About Us Investment\",\"isPartOf\":{\"@id\":\"https:\/\/selectiveinvest.com\/#website\"},\"primaryImageOfPage\":{\"@id\":\"https:\/\/selectiveinvest.com\/about-us-investment\/#primaryimage\"},\"image\":{\"@id\":\"https:\/\/selectiveinvest.com\/about-us-investment\/#primaryimage\"},\"thumbnailUrl\":\"https:\/\/selectiveinvest.com\/wp-content\/uploads\/2023\/01\/En-compagnie-dautres-consultants-Dublin3.jpg\",\"datePublished\":\"2023-01-05T05:03:25+00:00\",\"dateModified\":\"2025-12-30T07:29:43+00:00\",\"description\":\"Learn About Us, our mission, core values, and professional investment approach built on trust, transparency, and long term expertise.\",\"breadcrumb\":{\"@id\":\"https:\/\/selectiveinvest.com\/about-us-investment\/#breadcrumb\"},\"inLanguage\":\"en-US\",\"potentialAction\":[{\"@type\":\"ReadAction\",\"target\":[\"https:\/\/selectiveinvest.com\/about-us-investment\/\"]}]},{\"@type\":\"ImageObject\",\"inLanguage\":\"en-US\",\"@id\":\"https:\/\/selectiveinvest.com\/about-us-investment\/#primaryimage\",\"url\":\"https:\/\/selectiveinvest.com\/wp-content\/uploads\/2023\/01\/En-compagnie-dautres-consultants-Dublin3.jpg\",\"contentUrl\":\"https:\/\/selectiveinvest.com\/wp-content\/uploads\/2023\/01\/En-compagnie-dautres-consultants-Dublin3.jpg\",\"width\":2560,\"height\":1920,\"caption\":\"About Us Investment\"},{\"@type\":\"BreadcrumbList\",\"@id\":\"https:\/\/selectiveinvest.com\/about-us-investment\/#breadcrumb\",\"itemListElement\":[{\"@type\":\"ListItem\",\"position\":1,\"name\":\"Accueil\",\"item\":\"https:\/\/selectiveinvest.com\/en\/\"},{\"@type\":\"ListItem\",\"position\":2,\"name\":\"About Us\"}]},{\"@type\":\"WebSite\",\"@id\":\"https:\/\/selectiveinvest.com\/#website\",\"url\":\"https:\/\/selectiveinvest.com\/\",\"name\":\"Selective Invest\",\"description\":\"\",\"potentialAction\":[{\"@type\":\"SearchAction\",\"target\":{\"@type\":\"EntryPoint\",\"urlTemplate\":\"https:\/\/selectiveinvest.com\/?s={search_term_string}\"},\"query-input\":{\"@type\":\"PropertyValueSpecification\",\"valueRequired\":true,\"valueName\":\"search_term_string\"}}],\"inLanguage\":\"en-US\"}]}<\/script>\n<!-- \/ Yoast SEO Premium plugin. -->","yoast_head_json":{"title":"About Us Investment","description":"Learn About Us, our mission, core values, and professional investment approach built on trust, transparency, and long term expertise.","robots":{"index":"index","follow":"follow","max-snippet":"max-snippet:-1","max-image-preview":"max-image-preview:large","max-video-preview":"max-video-preview:-1"},"canonical":"https:\/\/selectiveinvest.com\/about-us-investment\/","og_locale":"en_US","og_type":"article","og_title":"About Us","og_description":"Learn About Us, our mission, core values, and professional investment approach built on trust, transparency, and long term expertise.","og_url":"https:\/\/selectiveinvest.com\/about-us-investment\/","og_site_name":"Selective Invest","article_modified_time":"2025-12-30T07:29:43+00:00","og_image":[{"width":2560,"height":1920,"url":"https:\/\/selectiveinvest.com\/wp-content\/uploads\/2023\/01\/En-compagnie-dautres-consultants-Dublin3.jpg","type":"image\/jpeg"}],"twitter_card":"summary_large_image","twitter_misc":{"Est. reading time":"2 minutes"},"schema":{"@context":"https:\/\/schema.org","@graph":[{"@type":"WebPage","@id":"https:\/\/selectiveinvest.com\/about-us-investment\/","url":"https:\/\/selectiveinvest.com\/about-us-investment\/","name":"About Us Investment","isPartOf":{"@id":"https:\/\/selectiveinvest.com\/#website"},"primaryImageOfPage":{"@id":"https:\/\/selectiveinvest.com\/about-us-investment\/#primaryimage"},"image":{"@id":"https:\/\/selectiveinvest.com\/about-us-investment\/#primaryimage"},"thumbnailUrl":"https:\/\/selectiveinvest.com\/wp-content\/uploads\/2023\/01\/En-compagnie-dautres-consultants-Dublin3.jpg","datePublished":"2023-01-05T05:03:25+00:00","dateModified":"2025-12-30T07:29:43+00:00","description":"Learn About Us, our mission, core values, and professional investment approach built on trust, transparency, and long term expertise.","breadcrumb":{"@id":"https:\/\/selectiveinvest.com\/about-us-investment\/#breadcrumb"},"inLanguage":"en-US","potentialAction":[{"@type":"ReadAction","target":["https:\/\/selectiveinvest.com\/about-us-investment\/"]}]},{"@type":"ImageObject","inLanguage":"en-US","@id":"https:\/\/selectiveinvest.com\/about-us-investment\/#primaryimage","url":"https:\/\/selectiveinvest.com\/wp-content\/uploads\/2023\/01\/En-compagnie-dautres-consultants-Dublin3.jpg","contentUrl":"https:\/\/selectiveinvest.com\/wp-content\/uploads\/2023\/01\/En-compagnie-dautres-consultants-Dublin3.jpg","width":2560,"height":1920,"caption":"About Us Investment"},{"@type":"BreadcrumbList","@id":"https:\/\/selectiveinvest.com\/about-us-investment\/#breadcrumb","itemListElement":[{"@type":"ListItem","position":1,"name":"Accueil","item":"https:\/\/selectiveinvest.com\/en\/"},{"@type":"ListItem","position":2,"name":"About Us"}]},{"@type":"WebSite","@id":"https:\/\/selectiveinvest.com\/#website","url":"https:\/\/selectiveinvest.com\/","name":"Selective Invest","description":"","potentialAction":[{"@type":"SearchAction","target":{"@type":"EntryPoint","urlTemplate":"https:\/\/selectiveinvest.com\/?s={search_term_string}"},"query-input":{"@type":"PropertyValueSpecification","valueRequired":true,"valueName":"search_term_string"}}],"inLanguage":"en-US"}]}},"_links":{"self":[{"href":"https:\/\/selectiveinvest.com\/en\/wp-json\/wp\/v2\/pages\/417","targetHints":{"allow":["GET"]}}],"collection":[{"href":"https:\/\/selectiveinvest.com\/en\/wp-json\/wp\/v2\/pages"}],"about":[{"href":"https:\/\/selectiveinvest.com\/en\/wp-json\/wp\/v2\/types\/page"}],"author":[{"embeddable":true,"href":"https:\/\/selectiveinvest.com\/en\/wp-json\/wp\/v2\/users\/1"}],"replies":[{"embeddable":true,"href":"https:\/\/selectiveinvest.com\/en\/wp-json\/wp\/v2\/comments?post=417"}],"version-history":[{"count":9,"href":"https:\/\/selectiveinvest.com\/en\/wp-json\/wp\/v2\/pages\/417\/revisions"}],"predecessor-version":[{"id":537,"href":"https:\/\/selectiveinvest.com\/en\/wp-json\/wp\/v2\/pages\/417\/revisions\/537"}],"wp:featuredmedia":[{"embeddable":true,"href":"https:\/\/selectiveinvest.com\/en\/wp-json\/wp\/v2\/media\/380"}],"wp:attachment":[{"href":"https:\/\/selectiveinvest.com\/en\/wp-json\/wp\/v2\/media?parent=417"}],"curies":[{"name":"wp","href":"https:\/\/api.w.org\/{rel}","templated":true}]}}