{"id":1011,"date":"2023-01-12T09:19:52","date_gmt":"2023-01-12T09:19:52","guid":{"rendered":"https:\/\/selectiveinvest.com\/pourquoi-est-il-deconseille-dacheter\/"},"modified":"2025-12-31T04:37:17","modified_gmt":"2025-12-31T04:37:17","slug":"pourquoi-est-il-deconseille-dacheter2","status":"publish","type":"page","link":"https:\/\/selectiveinvest.com\/en\/pourquoi-est-il-deconseille-dacheter2\/","title":{"rendered":"Pourquoi est-il d\u00e9conseill\u00e9 d\u2019acheter"},"content":{"rendered":"<section class=\"l-section wpb_row us_custom_eb175255 height_medium\"><div class=\"l-section-h i-cf\"><div class=\"g-cols vc_row via_flex valign_top type_default stacking_default\"><div class=\"vc_col-sm-6 wpb_column vc_column_container\"><div class=\"vc_column-inner\"><div class=\"wpb_wrapper\">[vc_custom_heading text=&#8221;N\u2019achetez jamais des plans d\u2019affaires pr\u00e9-r\u00e9dig\u00e9s ?&#8221; font_container=&#8221;tag:h2|font_size:32px|text_align:left|color:%230a0a0a&#8221; use_theme_fonts=&#8221;yes&#8221; css=&#8221;%7B%22default%22%3A%7B%22font-weight%22%3A%22700%22%2C%22margin-bottom%22%3A%2250px%22%7D%7D&#8221;]<div class=\"wpb_text_column us_custom_f14d37d5 has_text_color\"><div class=\"wpb_wrapper\"><p>Malgr\u00e9 la publicit\u00e9 massive sur internet, tous les experts en management d\u00e9conseillent l\u2019achat des plans d&#8217;affaires pr\u00e9-r\u00e9dig\u00e9s en ligne, qui est comparable \u00e0 l&#8217;achat d\u2019une prescription m\u00e9dicale \u00e9crite pour quelqu&#8217;un d&#8217;autre et \u00e0 une autre \u00e9poque. Par ailleurs, cela revient \u00e0 donner l\u2019impression \u00e0 vos lecteurs que vous ne ma\u00eetrisez pas la planification de votre organisation ou de votre projet.<\/p>\n<p>Chez Daremtec, notre mission est de r\u00e9diger les plans d&#8217;affaires convaincants pour les jeunes PME. Ces plans sont des outils de communication puissants visant \u00e0 lever les fonds et \u00e0 trouver des partenaires. Ils servent de feuille de route et s\u2019utilisent tant au quotidien pour conduire le changement que sur plusieurs ann\u00e9es pour piloter la strat\u00e9gie selon la vision de l\u2019organisation.<\/p>\n<\/div><\/div><\/div><\/div><\/div><div class=\"vc_col-sm-6 wpb_column vc_column_container\"><div class=\"vc_column-inner\"><div class=\"wpb_wrapper\">[vc_custom_heading text=&#8221;Comment aligner les op\u00e9rations \u00e0 la strat\u00e9gie dans les jeunes PME?&#8221; font_container=&#8221;tag:h2|font_size:32px|text_align:left|color:%230a0a0a&#8221; use_theme_fonts=&#8221;yes&#8221; css=&#8221;%7B%22default%22%3A%7B%22font-weight%22%3A%22700%22%2C%22margin-bottom%22%3A%2250px%22%7D%7D&#8221;]<div class=\"wpb_text_column us_custom_f14d37d5 has_text_color\"><div class=\"wpb_wrapper\"><p>Les enqu\u00eates men\u00e9es par les fondateurs du tableau de bord prospectif, R. S. Kaplan et D.P. Norton (Harvard Business School Publishing, 2005) ont montr\u00e9 un d\u00e9calage entre la formulation de la strat\u00e9gie et son ex\u00e9cution dans la plupart des entreprises \u00e9tudi\u00e9es :<\/p>\n<ul class=\"cus-mark-li\">\n<li style=\"list-style-type: none;\">\n<ul class=\"cus-mark-li\">\n<li>90% des entreprises ont des plans strat\u00e9giques avec des objectifs de croissance, mais seulement 10% les atteignent..<\/li>\n<li>95% des employ\u00e9s ne connaissent pas la strat\u00e9gie de l\u2019organisation qui les emplois.<\/li>\n<li>&lt;li60% des entreprises ne lient pas les budgets \u00e0 la strat\u00e9gie.<\/li>\n<li>La grande majorit\u00e9 des dirigeants d\u2019entreprises passent moins d&#8217;une heure par mois \u00e0 discuter de la strat\u00e9gie.<\/li>\n<li>La planification strat\u00e9gique des activit\u00e9s se fait principalement dans les grandes entreprises plut\u00f4t que dans les PME.<\/li>\n<\/ul>\n<\/li>\n<\/ul>\n<p>At Daremtec, our mission is to help young SMEs to lift the barriers that prevent effective execution of their strategy. We provide our customers with business performance measurement and management solutions through our QSBSC (Quick Sustainability Balanced Score card) or Business Intelligence Strategic Dashboard.<\/p>\n<\/div><\/div><\/div><\/div><\/div><\/div><\/div><\/section>\n","protected":false},"excerpt":{"rendered":"[vc_custom_heading text=\"N\u2019achetez jamais des plans d\u2019affaires pr\u00e9-r\u00e9dig\u00e9s ?\" font_container=\"tag:h2|font_size:32px|text_align:left|color:%230a0a0a\" use_theme_fonts=\"yes\" css=\"%7B%22default%22%3A%7B%22font-weight%22%3A%22700%22%2C%22margin-bottom%22%3A%2250px%22%7D%7D\"]Malgr\u00e9 la publicit\u00e9 massive sur internet, tous les experts en management d\u00e9conseillent l\u2019achat des plans d&#8217;affaires pr\u00e9-r\u00e9dig\u00e9s en ligne, qui est comparable \u00e0 l&#8217;achat d\u2019une prescription m\u00e9dicale \u00e9crite pour quelqu&#8217;un d&#8217;autre et \u00e0 une autre \u00e9poque. Par ailleurs, cela revient \u00e0 donner l\u2019impression \u00e0 vos...","protected":false},"author":1,"featured_media":22,"parent":0,"menu_order":0,"comment_status":"closed","ping_status":"closed","template":"","meta":{"footnotes":""},"class_list":["post-1011","page","type-page","status-publish","has-post-thumbnail","hentry"],"yoast_head":"<!-- This site is optimized with the Yoast SEO Premium plugin v26.5 (Yoast SEO v26.6) - https:\/\/yoast.com\/wordpress\/plugins\/seo\/ -->\n<title>Deconseille Dacheter<\/title>\n<meta name=\"description\" content=\"Nous expliquons clairement pourquoi ce produit est d\u00e9conseill\u00e9 d\u2019acheter et comment \u00e9viter les erreurs avant de d\u00e9cider.\" \/>\n<meta name=\"robots\" content=\"index, follow, max-snippet:-1, max-image-preview:large, max-video-preview:-1\" \/>\n<link rel=\"canonical\" href=\"https:\/\/selectiveinvest.com\/pourquoi-est-il-deconseille-dacheter\/\" \/>\n<meta property=\"og:locale\" content=\"en_US\" \/>\n<meta property=\"og:type\" content=\"article\" \/>\n<meta property=\"og:title\" content=\"Pourquoi est-il d\u00e9conseill\u00e9 d\u2019acheter\" \/>\n<meta property=\"og:description\" content=\"Nous expliquons clairement pourquoi ce produit est d\u00e9conseill\u00e9 d\u2019acheter et comment \u00e9viter les erreurs avant de d\u00e9cider.\" \/>\n<meta property=\"og:url\" content=\"https:\/\/selectiveinvest.com\/pourquoi-est-il-deconseille-dacheter\/\" \/>\n<meta property=\"og:site_name\" content=\"Selective Invest\" \/>\n<meta property=\"article:modified_time\" content=\"2025-12-31T04:37:17+00:00\" \/>\n<meta property=\"og:image\" content=\"https:\/\/selectiveinvest.com\/wp-content\/uploads\/2023\/01\/Audit_4-scaled.jpg\" \/>\n\t<meta property=\"og:image:width\" content=\"2560\" \/>\n\t<meta property=\"og:image:height\" content=\"1920\" \/>\n\t<meta property=\"og:image:type\" content=\"image\/jpeg\" \/>\n<meta name=\"twitter:card\" content=\"summary_large_image\" \/>\n<meta name=\"twitter:label1\" content=\"Est. reading time\" \/>\n\t<meta name=\"twitter:data1\" content=\"2 minutes\" \/>\n<script type=\"application\/ld+json\" class=\"yoast-schema-graph\">{\"@context\":\"https:\/\/schema.org\",\"@graph\":[{\"@type\":\"WebPage\",\"@id\":\"https:\/\/selectiveinvest.com\/pourquoi-est-il-deconseille-dacheter\/\",\"url\":\"https:\/\/selectiveinvest.com\/pourquoi-est-il-deconseille-dacheter\/\",\"name\":\"Deconseille Dacheter\",\"isPartOf\":{\"@id\":\"https:\/\/selectiveinvest.com\/#website\"},\"primaryImageOfPage\":{\"@id\":\"https:\/\/selectiveinvest.com\/pourquoi-est-il-deconseille-dacheter\/#primaryimage\"},\"image\":{\"@id\":\"https:\/\/selectiveinvest.com\/pourquoi-est-il-deconseille-dacheter\/#primaryimage\"},\"thumbnailUrl\":\"https:\/\/selectiveinvest.com\/wp-content\/uploads\/2023\/01\/Audit_4-scaled.jpg\",\"datePublished\":\"2023-01-12T09:19:52+00:00\",\"dateModified\":\"2025-12-31T04:37:17+00:00\",\"description\":\"Nous expliquons clairement pourquoi ce produit est d\u00e9conseill\u00e9 d\u2019acheter et comment \u00e9viter les erreurs avant de d\u00e9cider.\",\"breadcrumb\":{\"@id\":\"https:\/\/selectiveinvest.com\/pourquoi-est-il-deconseille-dacheter\/#breadcrumb\"},\"inLanguage\":\"en-US\",\"potentialAction\":[{\"@type\":\"ReadAction\",\"target\":[\"https:\/\/selectiveinvest.com\/pourquoi-est-il-deconseille-dacheter\/\"]}]},{\"@type\":\"ImageObject\",\"inLanguage\":\"en-US\",\"@id\":\"https:\/\/selectiveinvest.com\/pourquoi-est-il-deconseille-dacheter\/#primaryimage\",\"url\":\"https:\/\/selectiveinvest.com\/wp-content\/uploads\/2023\/01\/Audit_4-scaled.jpg\",\"contentUrl\":\"https:\/\/selectiveinvest.com\/wp-content\/uploads\/2023\/01\/Audit_4-scaled.jpg\",\"width\":2560,\"height\":1920,\"caption\":\"Deconseille Dacheter\"},{\"@type\":\"BreadcrumbList\",\"@id\":\"https:\/\/selectiveinvest.com\/pourquoi-est-il-deconseille-dacheter\/#breadcrumb\",\"itemListElement\":[{\"@type\":\"ListItem\",\"position\":1,\"name\":\"Accueil\",\"item\":\"https:\/\/selectiveinvest.com\/en\/\"},{\"@type\":\"ListItem\",\"position\":2,\"name\":\"Pourquoi est-il d\u00e9conseill\u00e9 d\u2019acheter\"}]},{\"@type\":\"WebSite\",\"@id\":\"https:\/\/selectiveinvest.com\/#website\",\"url\":\"https:\/\/selectiveinvest.com\/\",\"name\":\"Selective Invest\",\"description\":\"\",\"potentialAction\":[{\"@type\":\"SearchAction\",\"target\":{\"@type\":\"EntryPoint\",\"urlTemplate\":\"https:\/\/selectiveinvest.com\/?s={search_term_string}\"},\"query-input\":{\"@type\":\"PropertyValueSpecification\",\"valueRequired\":true,\"valueName\":\"search_term_string\"}}],\"inLanguage\":\"en-US\"}]}<\/script>\n<!-- \/ Yoast SEO Premium plugin. -->","yoast_head_json":{"title":"Deconseille Dacheter","description":"Nous expliquons clairement pourquoi ce produit est d\u00e9conseill\u00e9 d\u2019acheter et comment \u00e9viter les erreurs avant de d\u00e9cider.","robots":{"index":"index","follow":"follow","max-snippet":"max-snippet:-1","max-image-preview":"max-image-preview:large","max-video-preview":"max-video-preview:-1"},"canonical":"https:\/\/selectiveinvest.com\/pourquoi-est-il-deconseille-dacheter\/","og_locale":"en_US","og_type":"article","og_title":"Pourquoi est-il d\u00e9conseill\u00e9 d\u2019acheter","og_description":"Nous expliquons clairement pourquoi ce produit est d\u00e9conseill\u00e9 d\u2019acheter et comment \u00e9viter les erreurs avant de d\u00e9cider.","og_url":"https:\/\/selectiveinvest.com\/pourquoi-est-il-deconseille-dacheter\/","og_site_name":"Selective Invest","article_modified_time":"2025-12-31T04:37:17+00:00","og_image":[{"width":2560,"height":1920,"url":"https:\/\/selectiveinvest.com\/wp-content\/uploads\/2023\/01\/Audit_4-scaled.jpg","type":"image\/jpeg"}],"twitter_card":"summary_large_image","twitter_misc":{"Est. reading time":"2 minutes"},"schema":{"@context":"https:\/\/schema.org","@graph":[{"@type":"WebPage","@id":"https:\/\/selectiveinvest.com\/pourquoi-est-il-deconseille-dacheter\/","url":"https:\/\/selectiveinvest.com\/pourquoi-est-il-deconseille-dacheter\/","name":"Deconseille Dacheter","isPartOf":{"@id":"https:\/\/selectiveinvest.com\/#website"},"primaryImageOfPage":{"@id":"https:\/\/selectiveinvest.com\/pourquoi-est-il-deconseille-dacheter\/#primaryimage"},"image":{"@id":"https:\/\/selectiveinvest.com\/pourquoi-est-il-deconseille-dacheter\/#primaryimage"},"thumbnailUrl":"https:\/\/selectiveinvest.com\/wp-content\/uploads\/2023\/01\/Audit_4-scaled.jpg","datePublished":"2023-01-12T09:19:52+00:00","dateModified":"2025-12-31T04:37:17+00:00","description":"Nous expliquons clairement pourquoi ce produit est d\u00e9conseill\u00e9 d\u2019acheter et comment \u00e9viter les erreurs avant de d\u00e9cider.","breadcrumb":{"@id":"https:\/\/selectiveinvest.com\/pourquoi-est-il-deconseille-dacheter\/#breadcrumb"},"inLanguage":"en-US","potentialAction":[{"@type":"ReadAction","target":["https:\/\/selectiveinvest.com\/pourquoi-est-il-deconseille-dacheter\/"]}]},{"@type":"ImageObject","inLanguage":"en-US","@id":"https:\/\/selectiveinvest.com\/pourquoi-est-il-deconseille-dacheter\/#primaryimage","url":"https:\/\/selectiveinvest.com\/wp-content\/uploads\/2023\/01\/Audit_4-scaled.jpg","contentUrl":"https:\/\/selectiveinvest.com\/wp-content\/uploads\/2023\/01\/Audit_4-scaled.jpg","width":2560,"height":1920,"caption":"Deconseille Dacheter"},{"@type":"BreadcrumbList","@id":"https:\/\/selectiveinvest.com\/pourquoi-est-il-deconseille-dacheter\/#breadcrumb","itemListElement":[{"@type":"ListItem","position":1,"name":"Accueil","item":"https:\/\/selectiveinvest.com\/en\/"},{"@type":"ListItem","position":2,"name":"Pourquoi est-il d\u00e9conseill\u00e9 d\u2019acheter"}]},{"@type":"WebSite","@id":"https:\/\/selectiveinvest.com\/#website","url":"https:\/\/selectiveinvest.com\/","name":"Selective Invest","description":"","potentialAction":[{"@type":"SearchAction","target":{"@type":"EntryPoint","urlTemplate":"https:\/\/selectiveinvest.com\/?s={search_term_string}"},"query-input":{"@type":"PropertyValueSpecification","valueRequired":true,"valueName":"search_term_string"}}],"inLanguage":"en-US"}]}},"_links":{"self":[{"href":"https:\/\/selectiveinvest.com\/en\/wp-json\/wp\/v2\/pages\/1011","targetHints":{"allow":["GET"]}}],"collection":[{"href":"https:\/\/selectiveinvest.com\/en\/wp-json\/wp\/v2\/pages"}],"about":[{"href":"https:\/\/selectiveinvest.com\/en\/wp-json\/wp\/v2\/types\/page"}],"author":[{"embeddable":true,"href":"https:\/\/selectiveinvest.com\/en\/wp-json\/wp\/v2\/users\/1"}],"replies":[{"embeddable":true,"href":"https:\/\/selectiveinvest.com\/en\/wp-json\/wp\/v2\/comments?post=1011"}],"version-history":[{"count":6,"href":"https:\/\/selectiveinvest.com\/en\/wp-json\/wp\/v2\/pages\/1011\/revisions"}],"predecessor-version":[{"id":1018,"href":"https:\/\/selectiveinvest.com\/en\/wp-json\/wp\/v2\/pages\/1011\/revisions\/1018"}],"wp:featuredmedia":[{"embeddable":true,"href":"https:\/\/selectiveinvest.com\/en\/wp-json\/wp\/v2\/media\/22"}],"wp:attachment":[{"href":"https:\/\/selectiveinvest.com\/en\/wp-json\/wp\/v2\/media?parent=1011"}],"curies":[{"name":"wp","href":"https:\/\/api.w.org\/{rel}","templated":true}]}}